{"id":662,"date":"2016-11-22T16:47:42","date_gmt":"2016-11-22T15:47:42","guid":{"rendered":"https:\/\/unjourunecouleur.fr\/boutique\/?post_type=product&#038;p=662"},"modified":"2024-10-22T23:02:22","modified_gmt":"2024-10-22T21:02:22","slug":"tableau-lumineux-forme-de-coeur-fleur-noir-blanc-cuivre","status":"publish","type":"product","link":"https:\/\/unjourunecouleur.fr\/boutique\/product-category\/sample-product\/tableau-lumineux-forme-de-coeur-fleur-noir-blanc-cuivre\/","title":{"rendered":"Tableau lumineux en forme de c\u0153ur &#8211; fleur noir, blanc et cuivr\u00e9"},"content":{"rendered":"<p>&nbsp;<\/p>\n<p>&nbsp;<\/p>\n","protected":false},"excerpt":{"rendered":"<p>Toile en forme de c\u0153ur avec fleur stylis\u00e9e peinte en noir sur fond blanc et cuivr\u00e9.<\/p>\n<p>Une s\u00e9rie de leds font de ce tableau lumineux un vrai \u00e9clairage d&rsquo;ambiance.<\/p>\n<p>Le tableau s&rsquo;allume gr\u00e2ce \u00e0 un petit interrupteur au dos de la toile. Fonctionne avec 2 piles AA (LR6).<\/p>\n<p>Dimensions : 30 cm x 30 cm environ<\/p>\n","protected":false},"featured_media":663,"comment_status":"open","ping_status":"closed","template":"","meta":[],"product_brand":[],"product_cat":[8,6],"product_tag":[],"class_list":{"0":"post-662","1":"product","2":"type-product","3":"status-publish","4":"has-post-thumbnail","6":"product_cat-cadres-boites","7":"product_cat-decoration","9":"first","10":"instock","11":"shipping-taxable","12":"purchasable","13":"product-type-simple"},"yoast_head":"<!-- This site is optimized with the Yoast SEO plugin v27.2 - https:\/\/yoast.com\/product\/yoast-seo-wordpress\/ -->\n<title>Tableau lumineux en forme de c\u0153ur - fleur noir, blanc et cuivr\u00e9 - La boutique Un jour une couleur<\/title>\n<meta name=\"robots\" content=\"index, follow, max-snippet:-1, max-image-preview:large, max-video-preview:-1\" \/>\n<link rel=\"canonical\" href=\"https:\/\/unjourunecouleur.fr\/boutique\/product-category\/sample-product\/tableau-lumineux-forme-de-coeur-fleur-noir-blanc-cuivre\/\" \/>\n<meta property=\"og:locale\" content=\"fr_FR\" \/>\n<meta property=\"og:type\" content=\"article\" \/>\n<meta property=\"og:title\" content=\"Tableau lumineux en forme de c\u0153ur - fleur noir, blanc et cuivr\u00e9 - La boutique Un jour une couleur\" \/>\n<meta property=\"og:description\" content=\"Toile en forme de c\u0153ur avec fleur stylis\u00e9e peinte en noir sur fond blanc et cuivr\u00e9.  Une s\u00e9rie de leds font de ce tableau lumineux un vrai \u00e9clairage d&#039;ambiance.  Le tableau s&#039;allume gr\u00e2ce \u00e0 un petit interrupteur au dos de la toile. Fonctionne avec 2 piles AA (LR6).  Dimensions : 30 cm x 30 cm environ\" \/>\n<meta property=\"og:url\" content=\"https:\/\/unjourunecouleur.fr\/boutique\/product-category\/sample-product\/tableau-lumineux-forme-de-coeur-fleur-noir-blanc-cuivre\/\" \/>\n<meta property=\"og:site_name\" content=\"La boutique Un jour une couleur\" \/>\n<meta property=\"article:modified_time\" content=\"2024-10-22T21:02:22+00:00\" \/>\n<meta property=\"og:image\" content=\"https:\/\/unjourunecouleur.fr\/boutique\/wp-content\/uploads\/sites\/7\/2016\/11\/Cadre-lumineux-en-forme-de-coeur-fleur-noire-sur-fond-blanc-1.jpg\" \/>\n\t<meta property=\"og:image:width\" content=\"1918\" \/>\n\t<meta property=\"og:image:height\" content=\"1438\" \/>\n\t<meta property=\"og:image:type\" content=\"image\/jpeg\" \/>\n<meta name=\"twitter:card\" content=\"summary_large_image\" \/>\n<script type=\"application\/ld+json\" class=\"yoast-schema-graph\">{\"@context\":\"https:\/\/schema.org\",\"@graph\":[{\"@type\":\"WebPage\",\"@id\":\"https:\/\/unjourunecouleur.fr\/boutique\/product-category\/sample-product\/tableau-lumineux-forme-de-coeur-fleur-noir-blanc-cuivre\/\",\"url\":\"https:\/\/unjourunecouleur.fr\/boutique\/product-category\/sample-product\/tableau-lumineux-forme-de-coeur-fleur-noir-blanc-cuivre\/\",\"name\":\"Tableau lumineux en forme de c\u0153ur - fleur noir, blanc et cuivr\u00e9 - La boutique Un jour une couleur\",\"isPartOf\":{\"@id\":\"https:\/\/unjourunecouleur.fr\/boutique\/#website\"},\"primaryImageOfPage\":{\"@id\":\"https:\/\/unjourunecouleur.fr\/boutique\/product-category\/sample-product\/tableau-lumineux-forme-de-coeur-fleur-noir-blanc-cuivre\/#primaryimage\"},\"image\":{\"@id\":\"https:\/\/unjourunecouleur.fr\/boutique\/product-category\/sample-product\/tableau-lumineux-forme-de-coeur-fleur-noir-blanc-cuivre\/#primaryimage\"},\"thumbnailUrl\":\"https:\/\/unjourunecouleur.fr\/boutique\/wp-content\/uploads\/sites\/7\/2016\/11\/Cadre-lumineux-en-forme-de-coeur-fleur-noire-sur-fond-blanc-1.jpg\",\"datePublished\":\"2016-11-22T15:47:42+00:00\",\"dateModified\":\"2024-10-22T21:02:22+00:00\",\"breadcrumb\":{\"@id\":\"https:\/\/unjourunecouleur.fr\/boutique\/product-category\/sample-product\/tableau-lumineux-forme-de-coeur-fleur-noir-blanc-cuivre\/#breadcrumb\"},\"inLanguage\":\"fr-FR\",\"potentialAction\":[{\"@type\":\"ReadAction\",\"target\":[\"https:\/\/unjourunecouleur.fr\/boutique\/product-category\/sample-product\/tableau-lumineux-forme-de-coeur-fleur-noir-blanc-cuivre\/\"]}]},{\"@type\":\"ImageObject\",\"inLanguage\":\"fr-FR\",\"@id\":\"https:\/\/unjourunecouleur.fr\/boutique\/product-category\/sample-product\/tableau-lumineux-forme-de-coeur-fleur-noir-blanc-cuivre\/#primaryimage\",\"url\":\"https:\/\/unjourunecouleur.fr\/boutique\/wp-content\/uploads\/sites\/7\/2016\/11\/Cadre-lumineux-en-forme-de-coeur-fleur-noire-sur-fond-blanc-1.jpg\",\"contentUrl\":\"https:\/\/unjourunecouleur.fr\/boutique\/wp-content\/uploads\/sites\/7\/2016\/11\/Cadre-lumineux-en-forme-de-coeur-fleur-noire-sur-fond-blanc-1.jpg\",\"width\":1918,\"height\":1438,\"caption\":\"Tableau lumineux en forme de coeur : fleur noire sur fond blanc\"},{\"@type\":\"BreadcrumbList\",\"@id\":\"https:\/\/unjourunecouleur.fr\/boutique\/product-category\/sample-product\/tableau-lumineux-forme-de-coeur-fleur-noir-blanc-cuivre\/#breadcrumb\",\"itemListElement\":[{\"@type\":\"ListItem\",\"position\":1,\"name\":\"Accueil\",\"item\":\"https:\/\/unjourunecouleur.fr\/boutique\/\"},{\"@type\":\"ListItem\",\"position\":2,\"name\":\"Boutique\",\"item\":\"https:\/\/unjourunecouleur.fr\/boutique\/shop\/\"},{\"@type\":\"ListItem\",\"position\":3,\"name\":\"Tableau lumineux en forme de c\u0153ur &#8211; fleur noir, blanc et cuivr\u00e9\"}]},{\"@type\":\"WebSite\",\"@id\":\"https:\/\/unjourunecouleur.fr\/boutique\/#website\",\"url\":\"https:\/\/unjourunecouleur.fr\/boutique\/\",\"name\":\"La boutique Un jour une couleur\",\"description\":\"du bois et des couleurs... artisanat d\u00e9coration et bijoux\",\"publisher\":{\"@id\":\"https:\/\/unjourunecouleur.fr\/boutique\/#organization\"},\"potentialAction\":[{\"@type\":\"SearchAction\",\"target\":{\"@type\":\"EntryPoint\",\"urlTemplate\":\"https:\/\/unjourunecouleur.fr\/boutique\/?s={search_term_string}\"},\"query-input\":{\"@type\":\"PropertyValueSpecification\",\"valueRequired\":true,\"valueName\":\"search_term_string\"}}],\"inLanguage\":\"fr-FR\"},{\"@type\":\"Organization\",\"@id\":\"https:\/\/unjourunecouleur.fr\/boutique\/#organization\",\"name\":\"Un jour une couleur\",\"url\":\"https:\/\/unjourunecouleur.fr\/boutique\/\",\"logo\":{\"@type\":\"ImageObject\",\"inLanguage\":\"fr-FR\",\"@id\":\"https:\/\/unjourunecouleur.fr\/boutique\/#\/schema\/logo\/image\/\",\"url\":\"https:\/\/unjourunecouleur.fr\/boutique\/wp-content\/uploads\/sites\/7\/2016\/08\/banniere_texte_400x100.png\",\"contentUrl\":\"https:\/\/unjourunecouleur.fr\/boutique\/wp-content\/uploads\/sites\/7\/2016\/08\/banniere_texte_400x100.png\",\"width\":400,\"height\":100,\"caption\":\"Un jour une couleur\"},\"image\":{\"@id\":\"https:\/\/unjourunecouleur.fr\/boutique\/#\/schema\/logo\/image\/\"}}]}<\/script>\n<!-- \/ Yoast SEO plugin. -->","yoast_head_json":{"title":"Tableau lumineux en forme de c\u0153ur - fleur noir, blanc et cuivr\u00e9 - La boutique Un jour une couleur","robots":{"index":"index","follow":"follow","max-snippet":"max-snippet:-1","max-image-preview":"max-image-preview:large","max-video-preview":"max-video-preview:-1"},"canonical":"https:\/\/unjourunecouleur.fr\/boutique\/product-category\/sample-product\/tableau-lumineux-forme-de-coeur-fleur-noir-blanc-cuivre\/","og_locale":"fr_FR","og_type":"article","og_title":"Tableau lumineux en forme de c\u0153ur - fleur noir, blanc et cuivr\u00e9 - La boutique Un jour une couleur","og_description":"Toile en forme de c\u0153ur avec fleur stylis\u00e9e peinte en noir sur fond blanc et cuivr\u00e9.  Une s\u00e9rie de leds font de ce tableau lumineux un vrai \u00e9clairage d'ambiance.  Le tableau s'allume gr\u00e2ce \u00e0 un petit interrupteur au dos de la toile. Fonctionne avec 2 piles AA (LR6).  Dimensions : 30 cm x 30 cm environ","og_url":"https:\/\/unjourunecouleur.fr\/boutique\/product-category\/sample-product\/tableau-lumineux-forme-de-coeur-fleur-noir-blanc-cuivre\/","og_site_name":"La boutique Un jour une couleur","article_modified_time":"2024-10-22T21:02:22+00:00","og_image":[{"width":1918,"height":1438,"url":"https:\/\/unjourunecouleur.fr\/boutique\/wp-content\/uploads\/sites\/7\/2016\/11\/Cadre-lumineux-en-forme-de-coeur-fleur-noire-sur-fond-blanc-1.jpg","type":"image\/jpeg"}],"twitter_card":"summary_large_image","schema":{"@context":"https:\/\/schema.org","@graph":[{"@type":"WebPage","@id":"https:\/\/unjourunecouleur.fr\/boutique\/product-category\/sample-product\/tableau-lumineux-forme-de-coeur-fleur-noir-blanc-cuivre\/","url":"https:\/\/unjourunecouleur.fr\/boutique\/product-category\/sample-product\/tableau-lumineux-forme-de-coeur-fleur-noir-blanc-cuivre\/","name":"Tableau lumineux en forme de c\u0153ur - fleur noir, blanc et cuivr\u00e9 - La boutique Un jour une couleur","isPartOf":{"@id":"https:\/\/unjourunecouleur.fr\/boutique\/#website"},"primaryImageOfPage":{"@id":"https:\/\/unjourunecouleur.fr\/boutique\/product-category\/sample-product\/tableau-lumineux-forme-de-coeur-fleur-noir-blanc-cuivre\/#primaryimage"},"image":{"@id":"https:\/\/unjourunecouleur.fr\/boutique\/product-category\/sample-product\/tableau-lumineux-forme-de-coeur-fleur-noir-blanc-cuivre\/#primaryimage"},"thumbnailUrl":"https:\/\/unjourunecouleur.fr\/boutique\/wp-content\/uploads\/sites\/7\/2016\/11\/Cadre-lumineux-en-forme-de-coeur-fleur-noire-sur-fond-blanc-1.jpg","datePublished":"2016-11-22T15:47:42+00:00","dateModified":"2024-10-22T21:02:22+00:00","breadcrumb":{"@id":"https:\/\/unjourunecouleur.fr\/boutique\/product-category\/sample-product\/tableau-lumineux-forme-de-coeur-fleur-noir-blanc-cuivre\/#breadcrumb"},"inLanguage":"fr-FR","potentialAction":[{"@type":"ReadAction","target":["https:\/\/unjourunecouleur.fr\/boutique\/product-category\/sample-product\/tableau-lumineux-forme-de-coeur-fleur-noir-blanc-cuivre\/"]}]},{"@type":"ImageObject","inLanguage":"fr-FR","@id":"https:\/\/unjourunecouleur.fr\/boutique\/product-category\/sample-product\/tableau-lumineux-forme-de-coeur-fleur-noir-blanc-cuivre\/#primaryimage","url":"https:\/\/unjourunecouleur.fr\/boutique\/wp-content\/uploads\/sites\/7\/2016\/11\/Cadre-lumineux-en-forme-de-coeur-fleur-noire-sur-fond-blanc-1.jpg","contentUrl":"https:\/\/unjourunecouleur.fr\/boutique\/wp-content\/uploads\/sites\/7\/2016\/11\/Cadre-lumineux-en-forme-de-coeur-fleur-noire-sur-fond-blanc-1.jpg","width":1918,"height":1438,"caption":"Tableau lumineux en forme de coeur : fleur noire sur fond blanc"},{"@type":"BreadcrumbList","@id":"https:\/\/unjourunecouleur.fr\/boutique\/product-category\/sample-product\/tableau-lumineux-forme-de-coeur-fleur-noir-blanc-cuivre\/#breadcrumb","itemListElement":[{"@type":"ListItem","position":1,"name":"Accueil","item":"https:\/\/unjourunecouleur.fr\/boutique\/"},{"@type":"ListItem","position":2,"name":"Boutique","item":"https:\/\/unjourunecouleur.fr\/boutique\/shop\/"},{"@type":"ListItem","position":3,"name":"Tableau lumineux en forme de c\u0153ur &#8211; fleur noir, blanc et cuivr\u00e9"}]},{"@type":"WebSite","@id":"https:\/\/unjourunecouleur.fr\/boutique\/#website","url":"https:\/\/unjourunecouleur.fr\/boutique\/","name":"La boutique Un jour une couleur","description":"du bois et des couleurs... artisanat d\u00e9coration et bijoux","publisher":{"@id":"https:\/\/unjourunecouleur.fr\/boutique\/#organization"},"potentialAction":[{"@type":"SearchAction","target":{"@type":"EntryPoint","urlTemplate":"https:\/\/unjourunecouleur.fr\/boutique\/?s={search_term_string}"},"query-input":{"@type":"PropertyValueSpecification","valueRequired":true,"valueName":"search_term_string"}}],"inLanguage":"fr-FR"},{"@type":"Organization","@id":"https:\/\/unjourunecouleur.fr\/boutique\/#organization","name":"Un jour une couleur","url":"https:\/\/unjourunecouleur.fr\/boutique\/","logo":{"@type":"ImageObject","inLanguage":"fr-FR","@id":"https:\/\/unjourunecouleur.fr\/boutique\/#\/schema\/logo\/image\/","url":"https:\/\/unjourunecouleur.fr\/boutique\/wp-content\/uploads\/sites\/7\/2016\/08\/banniere_texte_400x100.png","contentUrl":"https:\/\/unjourunecouleur.fr\/boutique\/wp-content\/uploads\/sites\/7\/2016\/08\/banniere_texte_400x100.png","width":400,"height":100,"caption":"Un jour une couleur"},"image":{"@id":"https:\/\/unjourunecouleur.fr\/boutique\/#\/schema\/logo\/image\/"}}]}},"_links":{"self":[{"href":"https:\/\/unjourunecouleur.fr\/boutique\/wp-json\/wp\/v2\/product\/662","targetHints":{"allow":["GET"]}}],"collection":[{"href":"https:\/\/unjourunecouleur.fr\/boutique\/wp-json\/wp\/v2\/product"}],"about":[{"href":"https:\/\/unjourunecouleur.fr\/boutique\/wp-json\/wp\/v2\/types\/product"}],"replies":[{"embeddable":true,"href":"https:\/\/unjourunecouleur.fr\/boutique\/wp-json\/wp\/v2\/comments?post=662"}],"wp:featuredmedia":[{"embeddable":true,"href":"https:\/\/unjourunecouleur.fr\/boutique\/wp-json\/wp\/v2\/media\/663"}],"wp:attachment":[{"href":"https:\/\/unjourunecouleur.fr\/boutique\/wp-json\/wp\/v2\/media?parent=662"}],"wp:term":[{"taxonomy":"product_brand","embeddable":true,"href":"https:\/\/unjourunecouleur.fr\/boutique\/wp-json\/wp\/v2\/product_brand?post=662"},{"taxonomy":"product_cat","embeddable":true,"href":"https:\/\/unjourunecouleur.fr\/boutique\/wp-json\/wp\/v2\/product_cat?post=662"},{"taxonomy":"product_tag","embeddable":true,"href":"https:\/\/unjourunecouleur.fr\/boutique\/wp-json\/wp\/v2\/product_tag?post=662"}],"curies":[{"name":"wp","href":"https:\/\/api.w.org\/{rel}","templated":true}]}}