{"id":47,"date":"2016-08-30T15:31:28","date_gmt":"2016-08-30T13:31:28","guid":{"rendered":"https:\/\/unjourunecouleur.fr\/boutique\/?post_type=product&#038;p=47"},"modified":"2016-09-14T21:14:23","modified_gmt":"2016-09-14T19:14:23","slug":"bracelabstrait-bracelet-en-bois-peint-enfant","status":"publish","type":"product","link":"https:\/\/unjourunecouleur.fr\/boutique\/product-category\/sample-product\/bracelabstrait-bracelet-en-bois-peint-enfant\/","title":{"rendered":"Bracel&rsquo;Abstrait : bracelet en bois peint &#8211; taille 5.8cm"},"content":{"rendered":"<p>Bracelet en bois peint aux motifs abstraits.<\/p>\n<p>Un bracelet unique. Des couleurs qui s&rsquo;accordent \u00e0 tous les go\u00fbts et \u00e0 tous les caract\u00e8res&#8230; Craquez pour ce bracelet ensoleill\u00e9 qui mettra en valeur votre peau et votre tenue !<\/p>\n<p>Le bracel&rsquo;Abstrait est le bijou de l&rsquo;\u00e9t\u00e9 mais il saura aussi r\u00e9chauffer tous les jours de l&rsquo;ann\u00e9e&#8230; l\u00e9ger et agr\u00e9able \u00e0 porter, il est verni pour plus de r\u00e9sistance. (Il peut supporter quelques gouttes, mais \u00e9vitez quand m\u00eame de prendre un bain avec !)<\/p>\n<p>&nbsp;<\/p>\n<p>Taille : 5,8 cm (diam\u00e8tre int\u00e9rieur). Une petite taille, id\u00e9ale pour les ado et les petits poignets<\/p>\n<p><img loading=\"lazy\" decoding=\"async\" class=\"aligncenter wp-image-325 size-medium\" src=\"https:\/\/unjourunecouleur.fr\/boutique\/wp-content\/uploads\/sites\/7\/2016\/09\/guide-taille-bracelets-en-bois-300x225.jpg\" alt=\"Taille des bracelets en bois\" width=\"300\" height=\"225\" srcset=\"https:\/\/unjourunecouleur.fr\/boutique\/wp-content\/uploads\/sites\/7\/2016\/09\/guide-taille-bracelets-en-bois-300x225.jpg 300w, https:\/\/unjourunecouleur.fr\/boutique\/wp-content\/uploads\/sites\/7\/2016\/09\/guide-taille-bracelets-en-bois-768x576.jpg 768w, https:\/\/unjourunecouleur.fr\/boutique\/wp-content\/uploads\/sites\/7\/2016\/09\/guide-taille-bracelets-en-bois.jpg 800w\" sizes=\"auto, (max-width: 300px) 100vw, 300px\" \/><\/p>\n<p>Pour savoir si cette taille vous correspond, acc\u00e9dez au <a href=\"https:\/\/unjourunecouleur.fr\/boutique\/guide-tailles-bracelets-en-bois\/\">guide des tailles pour les bracelets en bois<\/a>.<\/p>\n<p><span style=\"border-radius: 2px; text-indent: 20px; width: auto; padding: 0px 4px 0px 0px; text-align: center; font: bold 11px\/20px 'Helvetica Neue',Helvetica,sans-serif; color: #ffffff; background: #bd081c no-repeat scroll 3px 50% \/ 14px 14px; position: absolute; opacity: 1; z-index: 8675309; display: none; cursor: pointer; top: 156px; left: 163px;\">Enregistrer<\/span><\/p>\n<p><span style=\"border-radius: 2px; text-indent: 20px; width: auto; padding: 0px 4px 0px 0px; text-align: center; font: bold 11px\/20px 'Helvetica Neue',Helvetica,sans-serif; color: #ffffff; background: #bd081c no-repeat scroll 3px 50% \/ 14px 14px; position: absolute; opacity: 1; z-index: 8675309; display: none; cursor: pointer;\">Enregistrer<\/span><\/p>\n<p><span style=\"border-radius: 2px; text-indent: 20px; width: auto; padding: 0px 4px 0px 0px; text-align: center; font: bold 11px\/20px 'Helvetica Neue',Helvetica,sans-serif; color: #ffffff; background: #bd081c no-repeat scroll 3px 50% \/ 14px 14px; position: absolute; opacity: 1; z-index: 8675309; display: none; cursor: pointer; top: 332px; left: 163px;\">Enregistrer<\/span><\/p>\n<p><span style=\"border-radius: 2px; text-indent: 20px; width: auto; padding: 0px 4px 0px 0px; text-align: center; font: bold 11px\/20px 'Helvetica Neue',Helvetica,sans-serif; color: #ffffff; background: #bd081c no-repeat scroll 3px 50% \/ 14px 14px; position: absolute; opacity: 1; z-index: 8675309; display: none; cursor: pointer;\">Enregistrer<\/span><\/p>\n<p><span style=\"border-radius: 2px; text-indent: 20px; width: auto; padding: 0px 4px 0px 0px; text-align: center; font: bold 11px\/20px 'Helvetica Neue',Helvetica,sans-serif; color: #ffffff; background: #bd081c no-repeat scroll 3px 50% \/ 14px 14px; position: absolute; opacity: 1; z-index: 8675309; display: none; cursor: pointer;\">Enregistrer<\/span><\/p>\n<p><span style=\"border-radius: 2px; text-indent: 20px; width: auto; padding: 0px 4px 0px 0px; text-align: center; font: bold 11px\/20px 'Helvetica Neue',Helvetica,sans-serif; color: #ffffff; background: #bd081c no-repeat scroll 3px 50% \/ 14px 14px; position: absolute; opacity: 1; z-index: 8675309; display: none; cursor: pointer; top: 356px; left: 163px;\">Enregistrer<\/span><\/p>\n","protected":false},"excerpt":{"rendered":"<p>Bracelet color\u00e9 en bois peint \u00e0 motifs abstraits originaux.<\/p>\n<p>Vous \u00eates unique, offrez-vous un bijou qui l&rsquo;est aussi !<\/p>\n<p><a href=\"https:\/\/unjourunecouleur.fr\/boutique\/guide-tailles-bracelets-en-bois\/\">Guide des tailles des bracelets en bois<\/a><\/p>\n<p>Votre couleur pr\u00e9f\u00e9r\u00e9e n&rsquo;est pas dans la liste ? <a href=\"https:\/\/unjourunecouleur.fr\/boutique\/contact\/\">Contactez-nous vite<\/a>, nous r\u00e9alisons votre bracelet \u00e0 la demande !<\/p>\n","protected":false},"featured_media":328,"comment_status":"open","ping_status":"closed","template":"","meta":[],"product_brand":[],"product_cat":[12],"product_tag":[],"class_list":{"0":"post-47","1":"product","2":"type-product","3":"status-publish","4":"has-post-thumbnail","6":"product_cat-bracelets","8":"first","9":"instock","10":"shipping-taxable","11":"purchasable","12":"product-type-variable"},"yoast_head":"<!-- This site is optimized with the Yoast SEO plugin v27.2 - https:\/\/yoast.com\/product\/yoast-seo-wordpress\/ -->\n<title>Bracel&#039;Abstrait : bracelet en bois peint - taille 5.8cm - La boutique Un jour une couleur<\/title>\n<meta name=\"robots\" content=\"index, follow, max-snippet:-1, max-image-preview:large, max-video-preview:-1\" \/>\n<link rel=\"canonical\" href=\"https:\/\/unjourunecouleur.fr\/boutique\/product-category\/sample-product\/bracelabstrait-bracelet-en-bois-peint-enfant\/\" \/>\n<meta property=\"og:locale\" content=\"fr_FR\" \/>\n<meta property=\"og:type\" content=\"article\" \/>\n<meta property=\"og:title\" content=\"Bracel&#039;Abstrait : bracelet en bois peint - taille 5.8cm - La boutique Un jour une couleur\" \/>\n<meta property=\"og:description\" content=\"Bracelet color\u00e9 en bois peint \u00e0 motifs abstraits originaux.  Vous \u00eates unique, offrez-vous un bijou qui l&#039;est aussi !  Guide des tailles des bracelets en bois  Votre couleur pr\u00e9f\u00e9r\u00e9e n&#039;est pas dans la liste ? Contactez-nous vite, nous r\u00e9alisons votre bracelet \u00e0 la demande !\" \/>\n<meta property=\"og:url\" content=\"https:\/\/unjourunecouleur.fr\/boutique\/product-category\/sample-product\/bracelabstrait-bracelet-en-bois-peint-enfant\/\" \/>\n<meta property=\"og:site_name\" content=\"La boutique Un jour une couleur\" \/>\n<meta property=\"article:modified_time\" content=\"2016-09-14T19:14:23+00:00\" \/>\n<meta property=\"og:image\" content=\"https:\/\/unjourunecouleur.fr\/boutique\/wp-content\/uploads\/sites\/7\/2016\/08\/BracelAbstrait-bracelets-en-bois-peint-petite-taille.jpg\" \/>\n\t<meta property=\"og:image:width\" content=\"800\" \/>\n\t<meta property=\"og:image:height\" content=\"600\" \/>\n\t<meta property=\"og:image:type\" content=\"image\/jpeg\" \/>\n<meta name=\"twitter:card\" content=\"summary_large_image\" \/>\n<meta name=\"twitter:label1\" content=\"Dur\u00e9e de lecture estim\u00e9e\" \/>\n\t<meta name=\"twitter:data1\" content=\"1 minute\" \/>\n<script type=\"application\/ld+json\" class=\"yoast-schema-graph\">{\"@context\":\"https:\/\/schema.org\",\"@graph\":[{\"@type\":\"WebPage\",\"@id\":\"https:\/\/unjourunecouleur.fr\/boutique\/product-category\/sample-product\/bracelabstrait-bracelet-en-bois-peint-enfant\/\",\"url\":\"https:\/\/unjourunecouleur.fr\/boutique\/product-category\/sample-product\/bracelabstrait-bracelet-en-bois-peint-enfant\/\",\"name\":\"Bracel'Abstrait : bracelet en bois peint - taille 5.8cm - La boutique Un jour une couleur\",\"isPartOf\":{\"@id\":\"https:\/\/unjourunecouleur.fr\/boutique\/#website\"},\"primaryImageOfPage\":{\"@id\":\"https:\/\/unjourunecouleur.fr\/boutique\/product-category\/sample-product\/bracelabstrait-bracelet-en-bois-peint-enfant\/#primaryimage\"},\"image\":{\"@id\":\"https:\/\/unjourunecouleur.fr\/boutique\/product-category\/sample-product\/bracelabstrait-bracelet-en-bois-peint-enfant\/#primaryimage\"},\"thumbnailUrl\":\"https:\/\/unjourunecouleur.fr\/boutique\/wp-content\/uploads\/sites\/7\/2016\/08\/BracelAbstrait-bracelets-en-bois-peint-petite-taille.jpg\",\"datePublished\":\"2016-08-30T13:31:28+00:00\",\"dateModified\":\"2016-09-14T19:14:23+00:00\",\"breadcrumb\":{\"@id\":\"https:\/\/unjourunecouleur.fr\/boutique\/product-category\/sample-product\/bracelabstrait-bracelet-en-bois-peint-enfant\/#breadcrumb\"},\"inLanguage\":\"fr-FR\",\"potentialAction\":[{\"@type\":\"ReadAction\",\"target\":[\"https:\/\/unjourunecouleur.fr\/boutique\/product-category\/sample-product\/bracelabstrait-bracelet-en-bois-peint-enfant\/\"]}]},{\"@type\":\"ImageObject\",\"inLanguage\":\"fr-FR\",\"@id\":\"https:\/\/unjourunecouleur.fr\/boutique\/product-category\/sample-product\/bracelabstrait-bracelet-en-bois-peint-enfant\/#primaryimage\",\"url\":\"https:\/\/unjourunecouleur.fr\/boutique\/wp-content\/uploads\/sites\/7\/2016\/08\/BracelAbstrait-bracelets-en-bois-peint-petite-taille.jpg\",\"contentUrl\":\"https:\/\/unjourunecouleur.fr\/boutique\/wp-content\/uploads\/sites\/7\/2016\/08\/BracelAbstrait-bracelets-en-bois-peint-petite-taille.jpg\",\"width\":800,\"height\":600,\"caption\":\"Bracel'Abstrait : bracelet en bois peint - petite taille\"},{\"@type\":\"BreadcrumbList\",\"@id\":\"https:\/\/unjourunecouleur.fr\/boutique\/product-category\/sample-product\/bracelabstrait-bracelet-en-bois-peint-enfant\/#breadcrumb\",\"itemListElement\":[{\"@type\":\"ListItem\",\"position\":1,\"name\":\"Accueil\",\"item\":\"https:\/\/unjourunecouleur.fr\/boutique\/\"},{\"@type\":\"ListItem\",\"position\":2,\"name\":\"Boutique\",\"item\":\"https:\/\/unjourunecouleur.fr\/boutique\/shop\/\"},{\"@type\":\"ListItem\",\"position\":3,\"name\":\"Bracel&rsquo;Abstrait : bracelet en bois peint &#8211; taille 5.8cm\"}]},{\"@type\":\"WebSite\",\"@id\":\"https:\/\/unjourunecouleur.fr\/boutique\/#website\",\"url\":\"https:\/\/unjourunecouleur.fr\/boutique\/\",\"name\":\"La boutique Un jour une couleur\",\"description\":\"du bois et des couleurs... artisanat d\u00e9coration et bijoux\",\"publisher\":{\"@id\":\"https:\/\/unjourunecouleur.fr\/boutique\/#organization\"},\"potentialAction\":[{\"@type\":\"SearchAction\",\"target\":{\"@type\":\"EntryPoint\",\"urlTemplate\":\"https:\/\/unjourunecouleur.fr\/boutique\/?s={search_term_string}\"},\"query-input\":{\"@type\":\"PropertyValueSpecification\",\"valueRequired\":true,\"valueName\":\"search_term_string\"}}],\"inLanguage\":\"fr-FR\"},{\"@type\":\"Organization\",\"@id\":\"https:\/\/unjourunecouleur.fr\/boutique\/#organization\",\"name\":\"Un jour une couleur\",\"url\":\"https:\/\/unjourunecouleur.fr\/boutique\/\",\"logo\":{\"@type\":\"ImageObject\",\"inLanguage\":\"fr-FR\",\"@id\":\"https:\/\/unjourunecouleur.fr\/boutique\/#\/schema\/logo\/image\/\",\"url\":\"https:\/\/unjourunecouleur.fr\/boutique\/wp-content\/uploads\/sites\/7\/2016\/08\/banniere_texte_400x100.png\",\"contentUrl\":\"https:\/\/unjourunecouleur.fr\/boutique\/wp-content\/uploads\/sites\/7\/2016\/08\/banniere_texte_400x100.png\",\"width\":400,\"height\":100,\"caption\":\"Un jour une couleur\"},\"image\":{\"@id\":\"https:\/\/unjourunecouleur.fr\/boutique\/#\/schema\/logo\/image\/\"}}]}<\/script>\n<!-- \/ Yoast SEO plugin. -->","yoast_head_json":{"title":"Bracel'Abstrait : bracelet en bois peint - taille 5.8cm - La boutique Un jour une couleur","robots":{"index":"index","follow":"follow","max-snippet":"max-snippet:-1","max-image-preview":"max-image-preview:large","max-video-preview":"max-video-preview:-1"},"canonical":"https:\/\/unjourunecouleur.fr\/boutique\/product-category\/sample-product\/bracelabstrait-bracelet-en-bois-peint-enfant\/","og_locale":"fr_FR","og_type":"article","og_title":"Bracel'Abstrait : bracelet en bois peint - taille 5.8cm - La boutique Un jour une couleur","og_description":"Bracelet color\u00e9 en bois peint \u00e0 motifs abstraits originaux.  Vous \u00eates unique, offrez-vous un bijou qui l'est aussi !  Guide des tailles des bracelets en bois  Votre couleur pr\u00e9f\u00e9r\u00e9e n'est pas dans la liste ? Contactez-nous vite, nous r\u00e9alisons votre bracelet \u00e0 la demande !","og_url":"https:\/\/unjourunecouleur.fr\/boutique\/product-category\/sample-product\/bracelabstrait-bracelet-en-bois-peint-enfant\/","og_site_name":"La boutique Un jour une couleur","article_modified_time":"2016-09-14T19:14:23+00:00","og_image":[{"width":800,"height":600,"url":"https:\/\/unjourunecouleur.fr\/boutique\/wp-content\/uploads\/sites\/7\/2016\/08\/BracelAbstrait-bracelets-en-bois-peint-petite-taille.jpg","type":"image\/jpeg"}],"twitter_card":"summary_large_image","twitter_misc":{"Dur\u00e9e de lecture estim\u00e9e":"1 minute"},"schema":{"@context":"https:\/\/schema.org","@graph":[{"@type":"WebPage","@id":"https:\/\/unjourunecouleur.fr\/boutique\/product-category\/sample-product\/bracelabstrait-bracelet-en-bois-peint-enfant\/","url":"https:\/\/unjourunecouleur.fr\/boutique\/product-category\/sample-product\/bracelabstrait-bracelet-en-bois-peint-enfant\/","name":"Bracel'Abstrait : bracelet en bois peint - taille 5.8cm - La boutique Un jour une couleur","isPartOf":{"@id":"https:\/\/unjourunecouleur.fr\/boutique\/#website"},"primaryImageOfPage":{"@id":"https:\/\/unjourunecouleur.fr\/boutique\/product-category\/sample-product\/bracelabstrait-bracelet-en-bois-peint-enfant\/#primaryimage"},"image":{"@id":"https:\/\/unjourunecouleur.fr\/boutique\/product-category\/sample-product\/bracelabstrait-bracelet-en-bois-peint-enfant\/#primaryimage"},"thumbnailUrl":"https:\/\/unjourunecouleur.fr\/boutique\/wp-content\/uploads\/sites\/7\/2016\/08\/BracelAbstrait-bracelets-en-bois-peint-petite-taille.jpg","datePublished":"2016-08-30T13:31:28+00:00","dateModified":"2016-09-14T19:14:23+00:00","breadcrumb":{"@id":"https:\/\/unjourunecouleur.fr\/boutique\/product-category\/sample-product\/bracelabstrait-bracelet-en-bois-peint-enfant\/#breadcrumb"},"inLanguage":"fr-FR","potentialAction":[{"@type":"ReadAction","target":["https:\/\/unjourunecouleur.fr\/boutique\/product-category\/sample-product\/bracelabstrait-bracelet-en-bois-peint-enfant\/"]}]},{"@type":"ImageObject","inLanguage":"fr-FR","@id":"https:\/\/unjourunecouleur.fr\/boutique\/product-category\/sample-product\/bracelabstrait-bracelet-en-bois-peint-enfant\/#primaryimage","url":"https:\/\/unjourunecouleur.fr\/boutique\/wp-content\/uploads\/sites\/7\/2016\/08\/BracelAbstrait-bracelets-en-bois-peint-petite-taille.jpg","contentUrl":"https:\/\/unjourunecouleur.fr\/boutique\/wp-content\/uploads\/sites\/7\/2016\/08\/BracelAbstrait-bracelets-en-bois-peint-petite-taille.jpg","width":800,"height":600,"caption":"Bracel'Abstrait : bracelet en bois peint - petite taille"},{"@type":"BreadcrumbList","@id":"https:\/\/unjourunecouleur.fr\/boutique\/product-category\/sample-product\/bracelabstrait-bracelet-en-bois-peint-enfant\/#breadcrumb","itemListElement":[{"@type":"ListItem","position":1,"name":"Accueil","item":"https:\/\/unjourunecouleur.fr\/boutique\/"},{"@type":"ListItem","position":2,"name":"Boutique","item":"https:\/\/unjourunecouleur.fr\/boutique\/shop\/"},{"@type":"ListItem","position":3,"name":"Bracel&rsquo;Abstrait : bracelet en bois peint &#8211; taille 5.8cm"}]},{"@type":"WebSite","@id":"https:\/\/unjourunecouleur.fr\/boutique\/#website","url":"https:\/\/unjourunecouleur.fr\/boutique\/","name":"La boutique Un jour une couleur","description":"du bois et des couleurs... artisanat d\u00e9coration et bijoux","publisher":{"@id":"https:\/\/unjourunecouleur.fr\/boutique\/#organization"},"potentialAction":[{"@type":"SearchAction","target":{"@type":"EntryPoint","urlTemplate":"https:\/\/unjourunecouleur.fr\/boutique\/?s={search_term_string}"},"query-input":{"@type":"PropertyValueSpecification","valueRequired":true,"valueName":"search_term_string"}}],"inLanguage":"fr-FR"},{"@type":"Organization","@id":"https:\/\/unjourunecouleur.fr\/boutique\/#organization","name":"Un jour une couleur","url":"https:\/\/unjourunecouleur.fr\/boutique\/","logo":{"@type":"ImageObject","inLanguage":"fr-FR","@id":"https:\/\/unjourunecouleur.fr\/boutique\/#\/schema\/logo\/image\/","url":"https:\/\/unjourunecouleur.fr\/boutique\/wp-content\/uploads\/sites\/7\/2016\/08\/banniere_texte_400x100.png","contentUrl":"https:\/\/unjourunecouleur.fr\/boutique\/wp-content\/uploads\/sites\/7\/2016\/08\/banniere_texte_400x100.png","width":400,"height":100,"caption":"Un jour une couleur"},"image":{"@id":"https:\/\/unjourunecouleur.fr\/boutique\/#\/schema\/logo\/image\/"}}]}},"_links":{"self":[{"href":"https:\/\/unjourunecouleur.fr\/boutique\/wp-json\/wp\/v2\/product\/47","targetHints":{"allow":["GET"]}}],"collection":[{"href":"https:\/\/unjourunecouleur.fr\/boutique\/wp-json\/wp\/v2\/product"}],"about":[{"href":"https:\/\/unjourunecouleur.fr\/boutique\/wp-json\/wp\/v2\/types\/product"}],"replies":[{"embeddable":true,"href":"https:\/\/unjourunecouleur.fr\/boutique\/wp-json\/wp\/v2\/comments?post=47"}],"wp:featuredmedia":[{"embeddable":true,"href":"https:\/\/unjourunecouleur.fr\/boutique\/wp-json\/wp\/v2\/media\/328"}],"wp:attachment":[{"href":"https:\/\/unjourunecouleur.fr\/boutique\/wp-json\/wp\/v2\/media?parent=47"}],"wp:term":[{"taxonomy":"product_brand","embeddable":true,"href":"https:\/\/unjourunecouleur.fr\/boutique\/wp-json\/wp\/v2\/product_brand?post=47"},{"taxonomy":"product_cat","embeddable":true,"href":"https:\/\/unjourunecouleur.fr\/boutique\/wp-json\/wp\/v2\/product_cat?post=47"},{"taxonomy":"product_tag","embeddable":true,"href":"https:\/\/unjourunecouleur.fr\/boutique\/wp-json\/wp\/v2\/product_tag?post=47"}],"curies":[{"name":"wp","href":"https:\/\/api.w.org\/{rel}","templated":true}]}}