{"id":183,"date":"2016-09-06T16:45:32","date_gmt":"2016-09-06T14:45:32","guid":{"rendered":"https:\/\/unjourunecouleur.fr\/boutique\/product-category\/sample-product\/bouquet-de-7-sweet-sticks-neutres\/"},"modified":"2016-09-13T15:57:30","modified_gmt":"2016-09-13T13:57:30","slug":"bouquet-de-7-sweet-sticks-neutres","status":"publish","type":"product","link":"https:\/\/unjourunecouleur.fr\/boutique\/product-category\/sample-product\/bouquet-de-7-sweet-sticks-neutres\/","title":{"rendered":"Bouquet de 7 Sweet Sticks assortis &#8211; coloris au choix"},"content":{"rendered":"<p>Joli bouquet de b\u00e2tonnets de bois peints \u00e0 utiliser pour remplacer les tiges de rotin dans un diffuseur de parfum d&rsquo;int\u00e9rieur.<\/p>\n<p>Vous pouvez aussi les disposer en bouquet dans un petit vase, tout simplement, pour une d\u00e9coration d\u00e9licate et color\u00e9e. De quoi raviver les petits coins oubli\u00e9s !<\/p>\n<p>Ensemble de 7 b\u00e2tonnets assortis, pr\u00e9sent\u00e9s dans une jolie pochette en papier faite-main.<\/p>\n<p>Chaque b\u00e2tonnet mesure environ 25 cm de longueur et 3 mm de diam\u00e8tre. Ils sont r\u00e9alis\u00e9s en bambou et peints \u00e0 la main.<\/p>\n<p>Les vases pr\u00e9sent\u00e9s sur la photo ne sont pas fournis.<\/p>\n<p>Si vous ne trouvez pas l&rsquo;ensemble qui vous correspond, il est possible de faire des bouquets m\u00e9lang\u00e9s. N&rsquo;h\u00e9sitez pas \u00e0 <a href=\"https:\/\/unjourunecouleur.fr\/boutique\/contact\/\">nous contacter<\/a>.<\/p>\n","protected":false},"excerpt":{"rendered":"<p>Le bouquet de Sweet Sticks est la derni\u00e8re touche de votre d\u00e9co. Celle qui se fait discr\u00e8te mais qui fait toute la diff\u00e9rence&#8230;<\/p>\n<p>Pour agr\u00e9menter un parfum d&rsquo;int\u00e9rieur ou tout simplement en bouquet d\u00e9coratif.<\/p>\n<p>Choisissez vos couleurs !<\/p>\n<p>&nbsp;<\/p>\n","protected":false},"featured_media":185,"comment_status":"open","ping_status":"closed","template":"","meta":[],"product_brand":[],"product_cat":[7],"product_tag":[17],"class_list":{"0":"post-183","1":"product","2":"type-product","3":"status-publish","4":"has-post-thumbnail","6":"product_cat-sweet-sticks","7":"product_tag-sweet-sticks","9":"first","10":"instock","11":"shipping-taxable","12":"purchasable","13":"product-type-variable"},"yoast_head":"<!-- This site is optimized with the Yoast SEO plugin v27.2 - https:\/\/yoast.com\/product\/yoast-seo-wordpress\/ -->\n<title>Bouquet de 7 Sweet Sticks assortis - coloris au choix - La boutique Un jour une couleur<\/title>\n<meta name=\"robots\" content=\"index, follow, max-snippet:-1, max-image-preview:large, max-video-preview:-1\" \/>\n<link rel=\"canonical\" href=\"https:\/\/unjourunecouleur.fr\/boutique\/product-category\/sample-product\/bouquet-de-7-sweet-sticks-neutres\/\" \/>\n<meta property=\"og:locale\" content=\"fr_FR\" \/>\n<meta property=\"og:type\" content=\"article\" \/>\n<meta property=\"og:title\" content=\"Bouquet de 7 Sweet Sticks assortis - coloris au choix - La boutique Un jour une couleur\" \/>\n<meta property=\"og:description\" content=\"Le bouquet de Sweet Sticks est la derni\u00e8re touche de votre d\u00e9co. Celle qui se fait discr\u00e8te mais qui fait toute la diff\u00e9rence...  Pour agr\u00e9menter un parfum d&#039;int\u00e9rieur ou tout simplement en bouquet d\u00e9coratif.  Choisissez vos couleurs !  &nbsp;\" \/>\n<meta property=\"og:url\" content=\"https:\/\/unjourunecouleur.fr\/boutique\/product-category\/sample-product\/bouquet-de-7-sweet-sticks-neutres\/\" \/>\n<meta property=\"og:site_name\" content=\"La boutique Un jour une couleur\" \/>\n<meta property=\"article:modified_time\" content=\"2016-09-13T13:57:30+00:00\" \/>\n<meta property=\"og:image\" content=\"https:\/\/unjourunecouleur.fr\/boutique\/wp-content\/uploads\/sites\/7\/2016\/09\/Sweet-Sticks-assortis-couleurs-neutres-2.jpg\" \/>\n\t<meta property=\"og:image:width\" content=\"800\" \/>\n\t<meta property=\"og:image:height\" content=\"600\" \/>\n\t<meta property=\"og:image:type\" content=\"image\/jpeg\" \/>\n<meta name=\"twitter:card\" content=\"summary_large_image\" \/>\n<meta name=\"twitter:label1\" content=\"Dur\u00e9e de lecture estim\u00e9e\" \/>\n\t<meta name=\"twitter:data1\" content=\"1 minute\" \/>\n<script type=\"application\/ld+json\" class=\"yoast-schema-graph\">{\"@context\":\"https:\/\/schema.org\",\"@graph\":[{\"@type\":\"WebPage\",\"@id\":\"https:\/\/unjourunecouleur.fr\/boutique\/product-category\/sample-product\/bouquet-de-7-sweet-sticks-neutres\/\",\"url\":\"https:\/\/unjourunecouleur.fr\/boutique\/product-category\/sample-product\/bouquet-de-7-sweet-sticks-neutres\/\",\"name\":\"Bouquet de 7 Sweet Sticks assortis - coloris au choix - La boutique Un jour une couleur\",\"isPartOf\":{\"@id\":\"https:\/\/unjourunecouleur.fr\/boutique\/#website\"},\"primaryImageOfPage\":{\"@id\":\"https:\/\/unjourunecouleur.fr\/boutique\/product-category\/sample-product\/bouquet-de-7-sweet-sticks-neutres\/#primaryimage\"},\"image\":{\"@id\":\"https:\/\/unjourunecouleur.fr\/boutique\/product-category\/sample-product\/bouquet-de-7-sweet-sticks-neutres\/#primaryimage\"},\"thumbnailUrl\":\"https:\/\/unjourunecouleur.fr\/boutique\/wp-content\/uploads\/sites\/7\/2016\/09\/Sweet-Sticks-assortis-couleurs-neutres-2.jpg\",\"datePublished\":\"2016-09-06T14:45:32+00:00\",\"dateModified\":\"2016-09-13T13:57:30+00:00\",\"breadcrumb\":{\"@id\":\"https:\/\/unjourunecouleur.fr\/boutique\/product-category\/sample-product\/bouquet-de-7-sweet-sticks-neutres\/#breadcrumb\"},\"inLanguage\":\"fr-FR\",\"potentialAction\":[{\"@type\":\"ReadAction\",\"target\":[\"https:\/\/unjourunecouleur.fr\/boutique\/product-category\/sample-product\/bouquet-de-7-sweet-sticks-neutres\/\"]}]},{\"@type\":\"ImageObject\",\"inLanguage\":\"fr-FR\",\"@id\":\"https:\/\/unjourunecouleur.fr\/boutique\/product-category\/sample-product\/bouquet-de-7-sweet-sticks-neutres\/#primaryimage\",\"url\":\"https:\/\/unjourunecouleur.fr\/boutique\/wp-content\/uploads\/sites\/7\/2016\/09\/Sweet-Sticks-assortis-couleurs-neutres-2.jpg\",\"contentUrl\":\"https:\/\/unjourunecouleur.fr\/boutique\/wp-content\/uploads\/sites\/7\/2016\/09\/Sweet-Sticks-assortis-couleurs-neutres-2.jpg\",\"width\":800,\"height\":600},{\"@type\":\"BreadcrumbList\",\"@id\":\"https:\/\/unjourunecouleur.fr\/boutique\/product-category\/sample-product\/bouquet-de-7-sweet-sticks-neutres\/#breadcrumb\",\"itemListElement\":[{\"@type\":\"ListItem\",\"position\":1,\"name\":\"Accueil\",\"item\":\"https:\/\/unjourunecouleur.fr\/boutique\/\"},{\"@type\":\"ListItem\",\"position\":2,\"name\":\"Boutique\",\"item\":\"https:\/\/unjourunecouleur.fr\/boutique\/shop\/\"},{\"@type\":\"ListItem\",\"position\":3,\"name\":\"Bouquet de 7 Sweet Sticks assortis &#8211; coloris au choix\"}]},{\"@type\":\"WebSite\",\"@id\":\"https:\/\/unjourunecouleur.fr\/boutique\/#website\",\"url\":\"https:\/\/unjourunecouleur.fr\/boutique\/\",\"name\":\"La boutique Un jour une couleur\",\"description\":\"du bois et des couleurs... artisanat d\u00e9coration et bijoux\",\"publisher\":{\"@id\":\"https:\/\/unjourunecouleur.fr\/boutique\/#organization\"},\"potentialAction\":[{\"@type\":\"SearchAction\",\"target\":{\"@type\":\"EntryPoint\",\"urlTemplate\":\"https:\/\/unjourunecouleur.fr\/boutique\/?s={search_term_string}\"},\"query-input\":{\"@type\":\"PropertyValueSpecification\",\"valueRequired\":true,\"valueName\":\"search_term_string\"}}],\"inLanguage\":\"fr-FR\"},{\"@type\":\"Organization\",\"@id\":\"https:\/\/unjourunecouleur.fr\/boutique\/#organization\",\"name\":\"Un jour une couleur\",\"url\":\"https:\/\/unjourunecouleur.fr\/boutique\/\",\"logo\":{\"@type\":\"ImageObject\",\"inLanguage\":\"fr-FR\",\"@id\":\"https:\/\/unjourunecouleur.fr\/boutique\/#\/schema\/logo\/image\/\",\"url\":\"https:\/\/unjourunecouleur.fr\/boutique\/wp-content\/uploads\/sites\/7\/2016\/08\/banniere_texte_400x100.png\",\"contentUrl\":\"https:\/\/unjourunecouleur.fr\/boutique\/wp-content\/uploads\/sites\/7\/2016\/08\/banniere_texte_400x100.png\",\"width\":400,\"height\":100,\"caption\":\"Un jour une couleur\"},\"image\":{\"@id\":\"https:\/\/unjourunecouleur.fr\/boutique\/#\/schema\/logo\/image\/\"}}]}<\/script>\n<!-- \/ Yoast SEO plugin. -->","yoast_head_json":{"title":"Bouquet de 7 Sweet Sticks assortis - coloris au choix - La boutique Un jour une couleur","robots":{"index":"index","follow":"follow","max-snippet":"max-snippet:-1","max-image-preview":"max-image-preview:large","max-video-preview":"max-video-preview:-1"},"canonical":"https:\/\/unjourunecouleur.fr\/boutique\/product-category\/sample-product\/bouquet-de-7-sweet-sticks-neutres\/","og_locale":"fr_FR","og_type":"article","og_title":"Bouquet de 7 Sweet Sticks assortis - coloris au choix - La boutique Un jour une couleur","og_description":"Le bouquet de Sweet Sticks est la derni\u00e8re touche de votre d\u00e9co. Celle qui se fait discr\u00e8te mais qui fait toute la diff\u00e9rence...  Pour agr\u00e9menter un parfum d'int\u00e9rieur ou tout simplement en bouquet d\u00e9coratif.  Choisissez vos couleurs !  &nbsp;","og_url":"https:\/\/unjourunecouleur.fr\/boutique\/product-category\/sample-product\/bouquet-de-7-sweet-sticks-neutres\/","og_site_name":"La boutique Un jour une couleur","article_modified_time":"2016-09-13T13:57:30+00:00","og_image":[{"width":800,"height":600,"url":"https:\/\/unjourunecouleur.fr\/boutique\/wp-content\/uploads\/sites\/7\/2016\/09\/Sweet-Sticks-assortis-couleurs-neutres-2.jpg","type":"image\/jpeg"}],"twitter_card":"summary_large_image","twitter_misc":{"Dur\u00e9e de lecture estim\u00e9e":"1 minute"},"schema":{"@context":"https:\/\/schema.org","@graph":[{"@type":"WebPage","@id":"https:\/\/unjourunecouleur.fr\/boutique\/product-category\/sample-product\/bouquet-de-7-sweet-sticks-neutres\/","url":"https:\/\/unjourunecouleur.fr\/boutique\/product-category\/sample-product\/bouquet-de-7-sweet-sticks-neutres\/","name":"Bouquet de 7 Sweet Sticks assortis - coloris au choix - La boutique Un jour une couleur","isPartOf":{"@id":"https:\/\/unjourunecouleur.fr\/boutique\/#website"},"primaryImageOfPage":{"@id":"https:\/\/unjourunecouleur.fr\/boutique\/product-category\/sample-product\/bouquet-de-7-sweet-sticks-neutres\/#primaryimage"},"image":{"@id":"https:\/\/unjourunecouleur.fr\/boutique\/product-category\/sample-product\/bouquet-de-7-sweet-sticks-neutres\/#primaryimage"},"thumbnailUrl":"https:\/\/unjourunecouleur.fr\/boutique\/wp-content\/uploads\/sites\/7\/2016\/09\/Sweet-Sticks-assortis-couleurs-neutres-2.jpg","datePublished":"2016-09-06T14:45:32+00:00","dateModified":"2016-09-13T13:57:30+00:00","breadcrumb":{"@id":"https:\/\/unjourunecouleur.fr\/boutique\/product-category\/sample-product\/bouquet-de-7-sweet-sticks-neutres\/#breadcrumb"},"inLanguage":"fr-FR","potentialAction":[{"@type":"ReadAction","target":["https:\/\/unjourunecouleur.fr\/boutique\/product-category\/sample-product\/bouquet-de-7-sweet-sticks-neutres\/"]}]},{"@type":"ImageObject","inLanguage":"fr-FR","@id":"https:\/\/unjourunecouleur.fr\/boutique\/product-category\/sample-product\/bouquet-de-7-sweet-sticks-neutres\/#primaryimage","url":"https:\/\/unjourunecouleur.fr\/boutique\/wp-content\/uploads\/sites\/7\/2016\/09\/Sweet-Sticks-assortis-couleurs-neutres-2.jpg","contentUrl":"https:\/\/unjourunecouleur.fr\/boutique\/wp-content\/uploads\/sites\/7\/2016\/09\/Sweet-Sticks-assortis-couleurs-neutres-2.jpg","width":800,"height":600},{"@type":"BreadcrumbList","@id":"https:\/\/unjourunecouleur.fr\/boutique\/product-category\/sample-product\/bouquet-de-7-sweet-sticks-neutres\/#breadcrumb","itemListElement":[{"@type":"ListItem","position":1,"name":"Accueil","item":"https:\/\/unjourunecouleur.fr\/boutique\/"},{"@type":"ListItem","position":2,"name":"Boutique","item":"https:\/\/unjourunecouleur.fr\/boutique\/shop\/"},{"@type":"ListItem","position":3,"name":"Bouquet de 7 Sweet Sticks assortis &#8211; coloris au choix"}]},{"@type":"WebSite","@id":"https:\/\/unjourunecouleur.fr\/boutique\/#website","url":"https:\/\/unjourunecouleur.fr\/boutique\/","name":"La boutique Un jour une couleur","description":"du bois et des couleurs... artisanat d\u00e9coration et bijoux","publisher":{"@id":"https:\/\/unjourunecouleur.fr\/boutique\/#organization"},"potentialAction":[{"@type":"SearchAction","target":{"@type":"EntryPoint","urlTemplate":"https:\/\/unjourunecouleur.fr\/boutique\/?s={search_term_string}"},"query-input":{"@type":"PropertyValueSpecification","valueRequired":true,"valueName":"search_term_string"}}],"inLanguage":"fr-FR"},{"@type":"Organization","@id":"https:\/\/unjourunecouleur.fr\/boutique\/#organization","name":"Un jour une couleur","url":"https:\/\/unjourunecouleur.fr\/boutique\/","logo":{"@type":"ImageObject","inLanguage":"fr-FR","@id":"https:\/\/unjourunecouleur.fr\/boutique\/#\/schema\/logo\/image\/","url":"https:\/\/unjourunecouleur.fr\/boutique\/wp-content\/uploads\/sites\/7\/2016\/08\/banniere_texte_400x100.png","contentUrl":"https:\/\/unjourunecouleur.fr\/boutique\/wp-content\/uploads\/sites\/7\/2016\/08\/banniere_texte_400x100.png","width":400,"height":100,"caption":"Un jour une couleur"},"image":{"@id":"https:\/\/unjourunecouleur.fr\/boutique\/#\/schema\/logo\/image\/"}}]}},"_links":{"self":[{"href":"https:\/\/unjourunecouleur.fr\/boutique\/wp-json\/wp\/v2\/product\/183","targetHints":{"allow":["GET"]}}],"collection":[{"href":"https:\/\/unjourunecouleur.fr\/boutique\/wp-json\/wp\/v2\/product"}],"about":[{"href":"https:\/\/unjourunecouleur.fr\/boutique\/wp-json\/wp\/v2\/types\/product"}],"replies":[{"embeddable":true,"href":"https:\/\/unjourunecouleur.fr\/boutique\/wp-json\/wp\/v2\/comments?post=183"}],"wp:featuredmedia":[{"embeddable":true,"href":"https:\/\/unjourunecouleur.fr\/boutique\/wp-json\/wp\/v2\/media\/185"}],"wp:attachment":[{"href":"https:\/\/unjourunecouleur.fr\/boutique\/wp-json\/wp\/v2\/media?parent=183"}],"wp:term":[{"taxonomy":"product_brand","embeddable":true,"href":"https:\/\/unjourunecouleur.fr\/boutique\/wp-json\/wp\/v2\/product_brand?post=183"},{"taxonomy":"product_cat","embeddable":true,"href":"https:\/\/unjourunecouleur.fr\/boutique\/wp-json\/wp\/v2\/product_cat?post=183"},{"taxonomy":"product_tag","embeddable":true,"href":"https:\/\/unjourunecouleur.fr\/boutique\/wp-json\/wp\/v2\/product_tag?post=183"}],"curies":[{"name":"wp","href":"https:\/\/api.w.org\/{rel}","templated":true}]}}