{"id":139,"date":"2016-09-06T14:49:47","date_gmt":"2016-09-06T12:49:47","guid":{"rendered":"https:\/\/unjourunecouleur.fr\/boutique\/?post_type=product&#038;p=139"},"modified":"2016-09-26T10:14:50","modified_gmt":"2016-09-26T08:14:50","slug":"bougeoir-un-pave-dans-la-mare","status":"publish","type":"product","link":"https:\/\/unjourunecouleur.fr\/boutique\/product-category\/sample-product\/bougeoir-un-pave-dans-la-mare\/","title":{"rendered":"Bougeoir Un pav\u00e9 dans la Mare"},"content":{"rendered":"<p>N&rsquo;ayez pas peur de faire des vagues, le bougeoir\u00a0 Un Pav\u00e9 dans la Mare est l\u00e0 pour illuminer vos soir\u00e9es.<\/p>\n<p>Entre bois brut et couleurs vives, ces bougeoirs en bois recycl\u00e9 feront sensation pendant les F\u00eates de No\u00ebl mais aussi tout le reste de l&rsquo;ann\u00e9e !<\/p>\n<p>Quelques touches d&rsquo;argent\u00e9 unifient l&rsquo;ensemble pour vous permettre de cr\u00e9er des combinaisons de diff\u00e9rentes couleurs.<\/p>\n<p>Gr\u00e2ce \u00e0 la bougie l\u00e9g\u00e8rement d\u00e9cal\u00e9e, vous pouvez les empiler pour cr\u00e9er une construction originale ou poser un petit sujet (non inflammable) sur l&rsquo;extr\u00e9mit\u00e9 du bougeoir.<\/p>\n<p>Bougeoir vendu \u00e0 l&rsquo;unit\u00e9 (prix pour 1 bougeoir). Une bougie blanche par bougeoir est fournie.<\/p>\n","protected":false},"excerpt":{"rendered":"<p>Bougeoir color\u00e9 de forme rectangulaire, r\u00e9alis\u00e9 \u00e0 base de bois recycl\u00e9.<br \/>\nCertaines pi\u00e8ces de bois recycl\u00e9es sont l\u00e9g\u00e8rement fendill\u00e9es, c&rsquo;est normal ! Ce sont les marques de leur ancienne vie&#8230; et la preuve de leur grand-\u00e2ge ;-)<\/p>\n<p>Vendu \u00e0 l&rsquo;unit\u00e9 (prix pour 1 bougeoir)<\/p>\n","protected":false},"featured_media":148,"comment_status":"open","ping_status":"closed","template":"","meta":[],"product_brand":[],"product_cat":[10],"product_tag":[44],"class_list":{"0":"post-139","1":"product","2":"type-product","3":"status-publish","4":"has-post-thumbnail","6":"product_cat-bougeoirs","7":"product_tag-noel","9":"first","10":"instock","11":"shipping-taxable","12":"purchasable","13":"product-type-variable"},"yoast_head":"<!-- This site is optimized with the Yoast SEO plugin v27.2 - https:\/\/yoast.com\/product\/yoast-seo-wordpress\/ -->\n<title>Bougeoir Un pav\u00e9 dans la Mare - La boutique Un jour une couleur<\/title>\n<meta name=\"robots\" content=\"index, follow, max-snippet:-1, max-image-preview:large, max-video-preview:-1\" \/>\n<link rel=\"canonical\" href=\"https:\/\/unjourunecouleur.fr\/boutique\/product-category\/sample-product\/bougeoir-un-pave-dans-la-mare\/\" \/>\n<meta property=\"og:locale\" content=\"fr_FR\" \/>\n<meta property=\"og:type\" content=\"article\" \/>\n<meta property=\"og:title\" content=\"Bougeoir Un pav\u00e9 dans la Mare - La boutique Un jour une couleur\" \/>\n<meta property=\"og:description\" content=\"Bougeoir color\u00e9 de forme rectangulaire, r\u00e9alis\u00e9 \u00e0 base de bois recycl\u00e9.  Certaines pi\u00e8ces de bois recycl\u00e9es sont l\u00e9g\u00e8rement fendill\u00e9es, c&#039;est normal ! Ce sont les marques de leur ancienne vie... et la preuve de leur grand-\u00e2ge ;-)  Vendu \u00e0 l&#039;unit\u00e9 (prix pour 1 bougeoir)\" \/>\n<meta property=\"og:url\" content=\"https:\/\/unjourunecouleur.fr\/boutique\/product-category\/sample-product\/bougeoir-un-pave-dans-la-mare\/\" \/>\n<meta property=\"og:site_name\" content=\"La boutique Un jour une couleur\" \/>\n<meta property=\"article:modified_time\" content=\"2016-09-26T08:14:50+00:00\" \/>\n<meta property=\"og:image\" content=\"https:\/\/unjourunecouleur.fr\/boutique\/wp-content\/uploads\/sites\/7\/2016\/09\/Bougeoir-en-bois-peint-un-pave-dans-la-mare-4.jpg\" \/>\n\t<meta property=\"og:image:width\" content=\"800\" \/>\n\t<meta property=\"og:image:height\" content=\"600\" \/>\n\t<meta property=\"og:image:type\" content=\"image\/jpeg\" \/>\n<meta name=\"twitter:card\" content=\"summary_large_image\" \/>\n<meta name=\"twitter:label1\" content=\"Dur\u00e9e de lecture estim\u00e9e\" \/>\n\t<meta name=\"twitter:data1\" content=\"1 minute\" \/>\n<script type=\"application\/ld+json\" class=\"yoast-schema-graph\">{\"@context\":\"https:\/\/schema.org\",\"@graph\":[{\"@type\":\"WebPage\",\"@id\":\"https:\/\/unjourunecouleur.fr\/boutique\/product-category\/sample-product\/bougeoir-un-pave-dans-la-mare\/\",\"url\":\"https:\/\/unjourunecouleur.fr\/boutique\/product-category\/sample-product\/bougeoir-un-pave-dans-la-mare\/\",\"name\":\"Bougeoir Un pav\u00e9 dans la Mare - La boutique Un jour une couleur\",\"isPartOf\":{\"@id\":\"https:\/\/unjourunecouleur.fr\/boutique\/#website\"},\"primaryImageOfPage\":{\"@id\":\"https:\/\/unjourunecouleur.fr\/boutique\/product-category\/sample-product\/bougeoir-un-pave-dans-la-mare\/#primaryimage\"},\"image\":{\"@id\":\"https:\/\/unjourunecouleur.fr\/boutique\/product-category\/sample-product\/bougeoir-un-pave-dans-la-mare\/#primaryimage\"},\"thumbnailUrl\":\"https:\/\/unjourunecouleur.fr\/boutique\/wp-content\/uploads\/sites\/7\/2016\/09\/Bougeoir-en-bois-peint-un-pave-dans-la-mare-4.jpg\",\"datePublished\":\"2016-09-06T12:49:47+00:00\",\"dateModified\":\"2016-09-26T08:14:50+00:00\",\"breadcrumb\":{\"@id\":\"https:\/\/unjourunecouleur.fr\/boutique\/product-category\/sample-product\/bougeoir-un-pave-dans-la-mare\/#breadcrumb\"},\"inLanguage\":\"fr-FR\",\"potentialAction\":[{\"@type\":\"ReadAction\",\"target\":[\"https:\/\/unjourunecouleur.fr\/boutique\/product-category\/sample-product\/bougeoir-un-pave-dans-la-mare\/\"]}]},{\"@type\":\"ImageObject\",\"inLanguage\":\"fr-FR\",\"@id\":\"https:\/\/unjourunecouleur.fr\/boutique\/product-category\/sample-product\/bougeoir-un-pave-dans-la-mare\/#primaryimage\",\"url\":\"https:\/\/unjourunecouleur.fr\/boutique\/wp-content\/uploads\/sites\/7\/2016\/09\/Bougeoir-en-bois-peint-un-pave-dans-la-mare-4.jpg\",\"contentUrl\":\"https:\/\/unjourunecouleur.fr\/boutique\/wp-content\/uploads\/sites\/7\/2016\/09\/Bougeoir-en-bois-peint-un-pave-dans-la-mare-4.jpg\",\"width\":800,\"height\":600,\"caption\":\"Bougeoir en bois peint - un pave dans la mare\"},{\"@type\":\"BreadcrumbList\",\"@id\":\"https:\/\/unjourunecouleur.fr\/boutique\/product-category\/sample-product\/bougeoir-un-pave-dans-la-mare\/#breadcrumb\",\"itemListElement\":[{\"@type\":\"ListItem\",\"position\":1,\"name\":\"Accueil\",\"item\":\"https:\/\/unjourunecouleur.fr\/boutique\/\"},{\"@type\":\"ListItem\",\"position\":2,\"name\":\"Boutique\",\"item\":\"https:\/\/unjourunecouleur.fr\/boutique\/shop\/\"},{\"@type\":\"ListItem\",\"position\":3,\"name\":\"Bougeoir Un pav\u00e9 dans la Mare\"}]},{\"@type\":\"WebSite\",\"@id\":\"https:\/\/unjourunecouleur.fr\/boutique\/#website\",\"url\":\"https:\/\/unjourunecouleur.fr\/boutique\/\",\"name\":\"La boutique Un jour une couleur\",\"description\":\"du bois et des couleurs... artisanat d\u00e9coration et bijoux\",\"publisher\":{\"@id\":\"https:\/\/unjourunecouleur.fr\/boutique\/#organization\"},\"potentialAction\":[{\"@type\":\"SearchAction\",\"target\":{\"@type\":\"EntryPoint\",\"urlTemplate\":\"https:\/\/unjourunecouleur.fr\/boutique\/?s={search_term_string}\"},\"query-input\":{\"@type\":\"PropertyValueSpecification\",\"valueRequired\":true,\"valueName\":\"search_term_string\"}}],\"inLanguage\":\"fr-FR\"},{\"@type\":\"Organization\",\"@id\":\"https:\/\/unjourunecouleur.fr\/boutique\/#organization\",\"name\":\"Un jour une couleur\",\"url\":\"https:\/\/unjourunecouleur.fr\/boutique\/\",\"logo\":{\"@type\":\"ImageObject\",\"inLanguage\":\"fr-FR\",\"@id\":\"https:\/\/unjourunecouleur.fr\/boutique\/#\/schema\/logo\/image\/\",\"url\":\"https:\/\/unjourunecouleur.fr\/boutique\/wp-content\/uploads\/sites\/7\/2016\/08\/banniere_texte_400x100.png\",\"contentUrl\":\"https:\/\/unjourunecouleur.fr\/boutique\/wp-content\/uploads\/sites\/7\/2016\/08\/banniere_texte_400x100.png\",\"width\":400,\"height\":100,\"caption\":\"Un jour une couleur\"},\"image\":{\"@id\":\"https:\/\/unjourunecouleur.fr\/boutique\/#\/schema\/logo\/image\/\"}}]}<\/script>\n<!-- \/ Yoast SEO plugin. -->","yoast_head_json":{"title":"Bougeoir Un pav\u00e9 dans la Mare - La boutique Un jour une couleur","robots":{"index":"index","follow":"follow","max-snippet":"max-snippet:-1","max-image-preview":"max-image-preview:large","max-video-preview":"max-video-preview:-1"},"canonical":"https:\/\/unjourunecouleur.fr\/boutique\/product-category\/sample-product\/bougeoir-un-pave-dans-la-mare\/","og_locale":"fr_FR","og_type":"article","og_title":"Bougeoir Un pav\u00e9 dans la Mare - La boutique Un jour une couleur","og_description":"Bougeoir color\u00e9 de forme rectangulaire, r\u00e9alis\u00e9 \u00e0 base de bois recycl\u00e9.  Certaines pi\u00e8ces de bois recycl\u00e9es sont l\u00e9g\u00e8rement fendill\u00e9es, c'est normal ! Ce sont les marques de leur ancienne vie... et la preuve de leur grand-\u00e2ge ;-)  Vendu \u00e0 l'unit\u00e9 (prix pour 1 bougeoir)","og_url":"https:\/\/unjourunecouleur.fr\/boutique\/product-category\/sample-product\/bougeoir-un-pave-dans-la-mare\/","og_site_name":"La boutique Un jour une couleur","article_modified_time":"2016-09-26T08:14:50+00:00","og_image":[{"width":800,"height":600,"url":"https:\/\/unjourunecouleur.fr\/boutique\/wp-content\/uploads\/sites\/7\/2016\/09\/Bougeoir-en-bois-peint-un-pave-dans-la-mare-4.jpg","type":"image\/jpeg"}],"twitter_card":"summary_large_image","twitter_misc":{"Dur\u00e9e de lecture estim\u00e9e":"1 minute"},"schema":{"@context":"https:\/\/schema.org","@graph":[{"@type":"WebPage","@id":"https:\/\/unjourunecouleur.fr\/boutique\/product-category\/sample-product\/bougeoir-un-pave-dans-la-mare\/","url":"https:\/\/unjourunecouleur.fr\/boutique\/product-category\/sample-product\/bougeoir-un-pave-dans-la-mare\/","name":"Bougeoir Un pav\u00e9 dans la Mare - La boutique Un jour une couleur","isPartOf":{"@id":"https:\/\/unjourunecouleur.fr\/boutique\/#website"},"primaryImageOfPage":{"@id":"https:\/\/unjourunecouleur.fr\/boutique\/product-category\/sample-product\/bougeoir-un-pave-dans-la-mare\/#primaryimage"},"image":{"@id":"https:\/\/unjourunecouleur.fr\/boutique\/product-category\/sample-product\/bougeoir-un-pave-dans-la-mare\/#primaryimage"},"thumbnailUrl":"https:\/\/unjourunecouleur.fr\/boutique\/wp-content\/uploads\/sites\/7\/2016\/09\/Bougeoir-en-bois-peint-un-pave-dans-la-mare-4.jpg","datePublished":"2016-09-06T12:49:47+00:00","dateModified":"2016-09-26T08:14:50+00:00","breadcrumb":{"@id":"https:\/\/unjourunecouleur.fr\/boutique\/product-category\/sample-product\/bougeoir-un-pave-dans-la-mare\/#breadcrumb"},"inLanguage":"fr-FR","potentialAction":[{"@type":"ReadAction","target":["https:\/\/unjourunecouleur.fr\/boutique\/product-category\/sample-product\/bougeoir-un-pave-dans-la-mare\/"]}]},{"@type":"ImageObject","inLanguage":"fr-FR","@id":"https:\/\/unjourunecouleur.fr\/boutique\/product-category\/sample-product\/bougeoir-un-pave-dans-la-mare\/#primaryimage","url":"https:\/\/unjourunecouleur.fr\/boutique\/wp-content\/uploads\/sites\/7\/2016\/09\/Bougeoir-en-bois-peint-un-pave-dans-la-mare-4.jpg","contentUrl":"https:\/\/unjourunecouleur.fr\/boutique\/wp-content\/uploads\/sites\/7\/2016\/09\/Bougeoir-en-bois-peint-un-pave-dans-la-mare-4.jpg","width":800,"height":600,"caption":"Bougeoir en bois peint - un pave dans la mare"},{"@type":"BreadcrumbList","@id":"https:\/\/unjourunecouleur.fr\/boutique\/product-category\/sample-product\/bougeoir-un-pave-dans-la-mare\/#breadcrumb","itemListElement":[{"@type":"ListItem","position":1,"name":"Accueil","item":"https:\/\/unjourunecouleur.fr\/boutique\/"},{"@type":"ListItem","position":2,"name":"Boutique","item":"https:\/\/unjourunecouleur.fr\/boutique\/shop\/"},{"@type":"ListItem","position":3,"name":"Bougeoir Un pav\u00e9 dans la Mare"}]},{"@type":"WebSite","@id":"https:\/\/unjourunecouleur.fr\/boutique\/#website","url":"https:\/\/unjourunecouleur.fr\/boutique\/","name":"La boutique Un jour une couleur","description":"du bois et des couleurs... artisanat d\u00e9coration et bijoux","publisher":{"@id":"https:\/\/unjourunecouleur.fr\/boutique\/#organization"},"potentialAction":[{"@type":"SearchAction","target":{"@type":"EntryPoint","urlTemplate":"https:\/\/unjourunecouleur.fr\/boutique\/?s={search_term_string}"},"query-input":{"@type":"PropertyValueSpecification","valueRequired":true,"valueName":"search_term_string"}}],"inLanguage":"fr-FR"},{"@type":"Organization","@id":"https:\/\/unjourunecouleur.fr\/boutique\/#organization","name":"Un jour une couleur","url":"https:\/\/unjourunecouleur.fr\/boutique\/","logo":{"@type":"ImageObject","inLanguage":"fr-FR","@id":"https:\/\/unjourunecouleur.fr\/boutique\/#\/schema\/logo\/image\/","url":"https:\/\/unjourunecouleur.fr\/boutique\/wp-content\/uploads\/sites\/7\/2016\/08\/banniere_texte_400x100.png","contentUrl":"https:\/\/unjourunecouleur.fr\/boutique\/wp-content\/uploads\/sites\/7\/2016\/08\/banniere_texte_400x100.png","width":400,"height":100,"caption":"Un jour une couleur"},"image":{"@id":"https:\/\/unjourunecouleur.fr\/boutique\/#\/schema\/logo\/image\/"}}]}},"_links":{"self":[{"href":"https:\/\/unjourunecouleur.fr\/boutique\/wp-json\/wp\/v2\/product\/139","targetHints":{"allow":["GET"]}}],"collection":[{"href":"https:\/\/unjourunecouleur.fr\/boutique\/wp-json\/wp\/v2\/product"}],"about":[{"href":"https:\/\/unjourunecouleur.fr\/boutique\/wp-json\/wp\/v2\/types\/product"}],"replies":[{"embeddable":true,"href":"https:\/\/unjourunecouleur.fr\/boutique\/wp-json\/wp\/v2\/comments?post=139"}],"wp:featuredmedia":[{"embeddable":true,"href":"https:\/\/unjourunecouleur.fr\/boutique\/wp-json\/wp\/v2\/media\/148"}],"wp:attachment":[{"href":"https:\/\/unjourunecouleur.fr\/boutique\/wp-json\/wp\/v2\/media?parent=139"}],"wp:term":[{"taxonomy":"product_brand","embeddable":true,"href":"https:\/\/unjourunecouleur.fr\/boutique\/wp-json\/wp\/v2\/product_brand?post=139"},{"taxonomy":"product_cat","embeddable":true,"href":"https:\/\/unjourunecouleur.fr\/boutique\/wp-json\/wp\/v2\/product_cat?post=139"},{"taxonomy":"product_tag","embeddable":true,"href":"https:\/\/unjourunecouleur.fr\/boutique\/wp-json\/wp\/v2\/product_tag?post=139"}],"curies":[{"name":"wp","href":"https:\/\/api.w.org\/{rel}","templated":true}]}}