{"id":97,"date":"2016-09-05T15:53:20","date_gmt":"2016-09-05T13:53:20","guid":{"rendered":"https:\/\/unjourunecouleur.fr\/boutique\/?page_id=97"},"modified":"2016-09-05T16:07:43","modified_gmt":"2016-09-05T14:07:43","slug":"a-propos-de-un-jour-une-couleur","status":"publish","type":"page","link":"https:\/\/unjourunecouleur.fr\/boutique\/a-propos-de-un-jour-une-couleur\/","title":{"rendered":"A propos de Un jour une couleur"},"content":{"rendered":"<h2>C&rsquo;est l&rsquo;histoire d&rsquo;une rencontre entre un pinceau et un bout de bois.<\/h2>\n<p>Au d\u00e9but, plut\u00f4t intimid\u00e9s ils se tournent autour et s&rsquo;observent de loin sans oser se toucher&#8230; D\u00e9sireux de plaire l&rsquo;un \u00e0 l&rsquo;autre (et vice-versa), le pinceau se pare de couleurs vives tandis que le bout de bois s&rsquo;octroie une s\u00e9ance de pon\u00e7age improvis\u00e9e. Depuis ce jour, ils ne se quittent plus et coulent des jours heureux dans un pays merveilleux o\u00f9 bois et peinture se marient, vivent heureux et ont beaucoup d&rsquo;enfants.<\/p>\n<h2>Leur petit monde enchant\u00e9 porte un nom, mais vous l&rsquo;avez d\u00e9j\u00e0 devin\u00e9 : et oui, c&rsquo;est UN JOUR UNE COULEUR !<\/h2>\n<p>L\u00e0-bas, les objets ne s&rsquo;ennuient jamais. Ils prennent le temps de se parer <strong>des plus belles couleurs<\/strong> et de rechercher <strong>les motifs les plus originaux<\/strong> dans le but unique de vous faire sourire. Car c&rsquo;est bien connus, tous ceux qui sortent de cet atelier magique n&rsquo;ont qu&rsquo;une envie : finir dans votre salon ou votre chambre pour illuminer votre d\u00e9coration et \u00e9gayer votre vie.<\/p>\n<p>Si jamais vous passez par l\u00e0, on vous parlera de <strong>personnalisation<\/strong>, de <strong>r\u00e9alisation \u00e0 la commande<\/strong>, de <strong>pi\u00e8ces uniques<\/strong> et de <strong>relooking de pi\u00e8ces existantes<\/strong>&#8230; Ne prenez pas peur, et traduisez tout simplement comme ceci :<\/p>\n<h2>\u00ab\u00a0Nous ferons tout notre possible pour que vous trouviez ici l&rsquo;objet qui <strong>vous<\/strong> rendra heureux.\u00a0\u00bb<\/h2>\n<p>&nbsp;<\/p>\n<p>Alors, si vous voulez vous y rendre en personne, c&rsquo;est l\u00e0 :<\/p>\n<p>10 all\u00e9e des Jonquilles &#8211; 54530 Pagny-sur-Moselle<\/p>\n<p>Tel : 06 49 23 12 21<\/p>\n<p>Acc\u00e9der au formulaire de contact<\/p>\n<p>Et si vous habitez trop loin, s\u00e9chez vos larmes et venez nous rendre une visite virtuelle sur <a href=\"https:\/\/unjourunecouleur.fr\">notre blog<\/a>, notre <a href=\"https:\/\/unjourunecouleur.fr\/boutique\">boutique en ligne<\/a>&#8230; ou suivez-nous sur <a href=\"https:\/\/www.facebook.com\/unjourunecouleur\">Facebook <\/a>!<\/p>\n<p>\u00e0 bient\u00f4t !<\/p>\n<p>&nbsp;<\/p>\n","protected":false},"excerpt":{"rendered":"<p>C&rsquo;est l&rsquo;histoire d&rsquo;une rencontre entre un pinceau et un bout de bois. Au d\u00e9but, plut\u00f4t intimid\u00e9s ils se tournent autour et s&rsquo;observent de loin sans oser se toucher&#8230; D\u00e9sireux de plaire l&rsquo;un \u00e0 l&rsquo;autre (et vice-versa), le pinceau se pare&hellip;<\/p>\n","protected":false},"author":1,"featured_media":0,"parent":0,"menu_order":0,"comment_status":"closed","ping_status":"closed","template":"","meta":{"footnotes":""},"class_list":["post-97","page","type-page","status-publish","hentry"],"yoast_head":"<!-- This site is optimized with the Yoast SEO plugin v27.2 - https:\/\/yoast.com\/product\/yoast-seo-wordpress\/ -->\n<title>A propos de Un jour une couleur - La boutique Un jour une couleur<\/title>\n<meta name=\"robots\" content=\"index, follow, max-snippet:-1, max-image-preview:large, max-video-preview:-1\" \/>\n<link rel=\"canonical\" href=\"https:\/\/unjourunecouleur.fr\/boutique\/a-propos-de-un-jour-une-couleur\/\" \/>\n<meta property=\"og:locale\" content=\"fr_FR\" \/>\n<meta property=\"og:type\" content=\"article\" \/>\n<meta property=\"og:title\" content=\"A propos de Un jour une couleur - La boutique Un jour une couleur\" \/>\n<meta property=\"og:description\" content=\"C&rsquo;est l&rsquo;histoire d&rsquo;une rencontre entre un pinceau et un bout de bois. Au d\u00e9but, plut\u00f4t intimid\u00e9s ils se tournent autour et s&rsquo;observent de loin sans oser se toucher&#8230; D\u00e9sireux de plaire l&rsquo;un \u00e0 l&rsquo;autre (et vice-versa), le pinceau se pare&hellip;\" \/>\n<meta property=\"og:url\" content=\"https:\/\/unjourunecouleur.fr\/boutique\/a-propos-de-un-jour-une-couleur\/\" \/>\n<meta property=\"og:site_name\" content=\"La boutique Un jour une couleur\" \/>\n<meta property=\"article:modified_time\" content=\"2016-09-05T14:07:43+00:00\" \/>\n<meta name=\"twitter:card\" content=\"summary_large_image\" \/>\n<meta name=\"twitter:label1\" content=\"Dur\u00e9e de lecture estim\u00e9e\" \/>\n\t<meta name=\"twitter:data1\" content=\"1 minute\" \/>\n<script type=\"application\/ld+json\" class=\"yoast-schema-graph\">{\"@context\":\"https:\/\/schema.org\",\"@graph\":[{\"@type\":\"WebPage\",\"@id\":\"https:\/\/unjourunecouleur.fr\/boutique\/a-propos-de-un-jour-une-couleur\/\",\"url\":\"https:\/\/unjourunecouleur.fr\/boutique\/a-propos-de-un-jour-une-couleur\/\",\"name\":\"A propos de Un jour une couleur - La boutique Un jour une couleur\",\"isPartOf\":{\"@id\":\"https:\/\/unjourunecouleur.fr\/boutique\/#website\"},\"datePublished\":\"2016-09-05T13:53:20+00:00\",\"dateModified\":\"2016-09-05T14:07:43+00:00\",\"breadcrumb\":{\"@id\":\"https:\/\/unjourunecouleur.fr\/boutique\/a-propos-de-un-jour-une-couleur\/#breadcrumb\"},\"inLanguage\":\"fr-FR\",\"potentialAction\":[{\"@type\":\"ReadAction\",\"target\":[\"https:\/\/unjourunecouleur.fr\/boutique\/a-propos-de-un-jour-une-couleur\/\"]}]},{\"@type\":\"BreadcrumbList\",\"@id\":\"https:\/\/unjourunecouleur.fr\/boutique\/a-propos-de-un-jour-une-couleur\/#breadcrumb\",\"itemListElement\":[{\"@type\":\"ListItem\",\"position\":1,\"name\":\"Accueil\",\"item\":\"https:\/\/unjourunecouleur.fr\/boutique\/\"},{\"@type\":\"ListItem\",\"position\":2,\"name\":\"A propos de Un jour une couleur\"}]},{\"@type\":\"WebSite\",\"@id\":\"https:\/\/unjourunecouleur.fr\/boutique\/#website\",\"url\":\"https:\/\/unjourunecouleur.fr\/boutique\/\",\"name\":\"La boutique Un jour une couleur\",\"description\":\"du bois et des couleurs... artisanat d\u00e9coration et bijoux\",\"publisher\":{\"@id\":\"https:\/\/unjourunecouleur.fr\/boutique\/#organization\"},\"potentialAction\":[{\"@type\":\"SearchAction\",\"target\":{\"@type\":\"EntryPoint\",\"urlTemplate\":\"https:\/\/unjourunecouleur.fr\/boutique\/?s={search_term_string}\"},\"query-input\":{\"@type\":\"PropertyValueSpecification\",\"valueRequired\":true,\"valueName\":\"search_term_string\"}}],\"inLanguage\":\"fr-FR\"},{\"@type\":\"Organization\",\"@id\":\"https:\/\/unjourunecouleur.fr\/boutique\/#organization\",\"name\":\"Un jour une couleur\",\"url\":\"https:\/\/unjourunecouleur.fr\/boutique\/\",\"logo\":{\"@type\":\"ImageObject\",\"inLanguage\":\"fr-FR\",\"@id\":\"https:\/\/unjourunecouleur.fr\/boutique\/#\/schema\/logo\/image\/\",\"url\":\"https:\/\/unjourunecouleur.fr\/boutique\/wp-content\/uploads\/sites\/7\/2016\/08\/banniere_texte_400x100.png\",\"contentUrl\":\"https:\/\/unjourunecouleur.fr\/boutique\/wp-content\/uploads\/sites\/7\/2016\/08\/banniere_texte_400x100.png\",\"width\":400,\"height\":100,\"caption\":\"Un jour une couleur\"},\"image\":{\"@id\":\"https:\/\/unjourunecouleur.fr\/boutique\/#\/schema\/logo\/image\/\"}}]}<\/script>\n<!-- \/ Yoast SEO plugin. -->","yoast_head_json":{"title":"A propos de Un jour une couleur - La boutique Un jour une couleur","robots":{"index":"index","follow":"follow","max-snippet":"max-snippet:-1","max-image-preview":"max-image-preview:large","max-video-preview":"max-video-preview:-1"},"canonical":"https:\/\/unjourunecouleur.fr\/boutique\/a-propos-de-un-jour-une-couleur\/","og_locale":"fr_FR","og_type":"article","og_title":"A propos de Un jour une couleur - La boutique Un jour une couleur","og_description":"C&rsquo;est l&rsquo;histoire d&rsquo;une rencontre entre un pinceau et un bout de bois. Au d\u00e9but, plut\u00f4t intimid\u00e9s ils se tournent autour et s&rsquo;observent de loin sans oser se toucher&#8230; D\u00e9sireux de plaire l&rsquo;un \u00e0 l&rsquo;autre (et vice-versa), le pinceau se pare&hellip;","og_url":"https:\/\/unjourunecouleur.fr\/boutique\/a-propos-de-un-jour-une-couleur\/","og_site_name":"La boutique Un jour une couleur","article_modified_time":"2016-09-05T14:07:43+00:00","twitter_card":"summary_large_image","twitter_misc":{"Dur\u00e9e de lecture estim\u00e9e":"1 minute"},"schema":{"@context":"https:\/\/schema.org","@graph":[{"@type":"WebPage","@id":"https:\/\/unjourunecouleur.fr\/boutique\/a-propos-de-un-jour-une-couleur\/","url":"https:\/\/unjourunecouleur.fr\/boutique\/a-propos-de-un-jour-une-couleur\/","name":"A propos de Un jour une couleur - La boutique Un jour une couleur","isPartOf":{"@id":"https:\/\/unjourunecouleur.fr\/boutique\/#website"},"datePublished":"2016-09-05T13:53:20+00:00","dateModified":"2016-09-05T14:07:43+00:00","breadcrumb":{"@id":"https:\/\/unjourunecouleur.fr\/boutique\/a-propos-de-un-jour-une-couleur\/#breadcrumb"},"inLanguage":"fr-FR","potentialAction":[{"@type":"ReadAction","target":["https:\/\/unjourunecouleur.fr\/boutique\/a-propos-de-un-jour-une-couleur\/"]}]},{"@type":"BreadcrumbList","@id":"https:\/\/unjourunecouleur.fr\/boutique\/a-propos-de-un-jour-une-couleur\/#breadcrumb","itemListElement":[{"@type":"ListItem","position":1,"name":"Accueil","item":"https:\/\/unjourunecouleur.fr\/boutique\/"},{"@type":"ListItem","position":2,"name":"A propos de Un jour une couleur"}]},{"@type":"WebSite","@id":"https:\/\/unjourunecouleur.fr\/boutique\/#website","url":"https:\/\/unjourunecouleur.fr\/boutique\/","name":"La boutique Un jour une couleur","description":"du bois et des couleurs... artisanat d\u00e9coration et bijoux","publisher":{"@id":"https:\/\/unjourunecouleur.fr\/boutique\/#organization"},"potentialAction":[{"@type":"SearchAction","target":{"@type":"EntryPoint","urlTemplate":"https:\/\/unjourunecouleur.fr\/boutique\/?s={search_term_string}"},"query-input":{"@type":"PropertyValueSpecification","valueRequired":true,"valueName":"search_term_string"}}],"inLanguage":"fr-FR"},{"@type":"Organization","@id":"https:\/\/unjourunecouleur.fr\/boutique\/#organization","name":"Un jour une couleur","url":"https:\/\/unjourunecouleur.fr\/boutique\/","logo":{"@type":"ImageObject","inLanguage":"fr-FR","@id":"https:\/\/unjourunecouleur.fr\/boutique\/#\/schema\/logo\/image\/","url":"https:\/\/unjourunecouleur.fr\/boutique\/wp-content\/uploads\/sites\/7\/2016\/08\/banniere_texte_400x100.png","contentUrl":"https:\/\/unjourunecouleur.fr\/boutique\/wp-content\/uploads\/sites\/7\/2016\/08\/banniere_texte_400x100.png","width":400,"height":100,"caption":"Un jour une couleur"},"image":{"@id":"https:\/\/unjourunecouleur.fr\/boutique\/#\/schema\/logo\/image\/"}}]}},"_links":{"self":[{"href":"https:\/\/unjourunecouleur.fr\/boutique\/wp-json\/wp\/v2\/pages\/97","targetHints":{"allow":["GET"]}}],"collection":[{"href":"https:\/\/unjourunecouleur.fr\/boutique\/wp-json\/wp\/v2\/pages"}],"about":[{"href":"https:\/\/unjourunecouleur.fr\/boutique\/wp-json\/wp\/v2\/types\/page"}],"author":[{"embeddable":true,"href":"https:\/\/unjourunecouleur.fr\/boutique\/wp-json\/wp\/v2\/users\/1"}],"replies":[{"embeddable":true,"href":"https:\/\/unjourunecouleur.fr\/boutique\/wp-json\/wp\/v2\/comments?post=97"}],"version-history":[{"count":8,"href":"https:\/\/unjourunecouleur.fr\/boutique\/wp-json\/wp\/v2\/pages\/97\/revisions"}],"predecessor-version":[{"id":105,"href":"https:\/\/unjourunecouleur.fr\/boutique\/wp-json\/wp\/v2\/pages\/97\/revisions\/105"}],"wp:attachment":[{"href":"https:\/\/unjourunecouleur.fr\/boutique\/wp-json\/wp\/v2\/media?parent=97"}],"curies":[{"name":"wp","href":"https:\/\/api.w.org\/{rel}","templated":true}]}}