{"id":480,"date":"2016-09-19T16:23:00","date_gmt":"2016-09-19T14:23:00","guid":{"rendered":"https:\/\/unjourunecouleur.fr\/boutique\/?page_id=480"},"modified":"2016-09-19T16:23:00","modified_gmt":"2016-09-19T14:23:00","slug":"moyens-de-paiement","status":"publish","type":"page","link":"https:\/\/unjourunecouleur.fr\/boutique\/moyens-de-paiement\/","title":{"rendered":"Moyens de paiement"},"content":{"rendered":"<p>Sur la boutique en ligne Un jour une couleur, vous avez le choix entre plusieurs solutions de paiement s\u00e9curis\u00e9es :<\/p>\n<p><img loading=\"lazy\" decoding=\"async\" class=\"aligncenter wp-image-479 size-medium\" src=\"https:\/\/unjourunecouleur.fr\/boutique\/wp-content\/uploads\/sites\/7\/2016\/09\/Logo_paiements-300x66.png\" alt=\"logo-paiements\" width=\"300\" height=\"66\" srcset=\"https:\/\/unjourunecouleur.fr\/boutique\/wp-content\/uploads\/sites\/7\/2016\/09\/Logo_paiements-300x66.png 300w, https:\/\/unjourunecouleur.fr\/boutique\/wp-content\/uploads\/sites\/7\/2016\/09\/Logo_paiements.png 463w\" sizes=\"auto, (max-width: 300px) 100vw, 300px\" \/><\/p>\n<h2>Carte bancaire ou Compte Paypal<\/h2>\n<p>Vous pouvez utiliser votre Carte bancaire ou un compte PayPal (si vous en poss\u00e9dez un) pour r\u00e9gler vos achats sur la boutique en ligne Un jour une couleur. Il vous suffit pour cela de s\u00e9lectionner \u00ab\u00a0<strong>Carte bancaire &#8211; PayPal<\/strong>\u00a0\u00bb lors de la validation de votre commande.<\/p>\n<p>Vous serez redirig\u00e9s vers l&rsquo;interface s\u00e9curis\u00e9e de paiement PayPal.<\/p>\n<p>Le site Un jour une couleur re\u00e7oit uniquement la confirmation de la transaction, vos donn\u00e9es bancaires ne sont pas transmises \u00e0 nos services.<\/p>\n<h2>Ch\u00e8que<\/h2>\n<p>Si vous pr\u00e9f\u00e9rez payer par ch\u00e8que, il vous suffit de s\u00e9lectionner le paiement par ch\u00e8que lors de la confirmation de votre commande.<\/p>\n<p>Envoyez ensuite votre ch\u00e8que libell\u00e9 au nom de Mathilde MAROCCO \u00e0 l&rsquo;adresse suivante :<\/p>\n<p style=\"text-align: center;\">10, all\u00e9e des jonquilles &#8211; 54530 PAGNY-SUR-MOSELLE<\/p>\n<p>Une confirmation de r\u00e9ception vous sera envoy\u00e9e et la pr\u00e9paration de votre commande d\u00e9butera apr\u00e8s encaissement de votre ch\u00e8que.<\/p>\n<p>&nbsp;<\/p>\n","protected":false},"excerpt":{"rendered":"<p>Sur la boutique en ligne Un jour une couleur, vous avez le choix entre plusieurs solutions de paiement s\u00e9curis\u00e9es : Carte bancaire ou Compte Paypal Vous pouvez utiliser votre Carte bancaire ou un compte PayPal (si vous en poss\u00e9dez un)&hellip;<\/p>\n","protected":false},"author":1,"featured_media":0,"parent":0,"menu_order":0,"comment_status":"closed","ping_status":"closed","template":"","meta":{"footnotes":""},"class_list":["post-480","page","type-page","status-publish","hentry"],"yoast_head":"<!-- This site is optimized with the Yoast SEO plugin v27.2 - https:\/\/yoast.com\/product\/yoast-seo-wordpress\/ -->\n<title>Moyens de paiement - La boutique Un jour une couleur<\/title>\n<meta name=\"robots\" content=\"index, follow, max-snippet:-1, max-image-preview:large, max-video-preview:-1\" \/>\n<link rel=\"canonical\" href=\"https:\/\/unjourunecouleur.fr\/boutique\/moyens-de-paiement\/\" \/>\n<meta property=\"og:locale\" content=\"fr_FR\" \/>\n<meta property=\"og:type\" content=\"article\" \/>\n<meta property=\"og:title\" content=\"Moyens de paiement - La boutique Un jour une couleur\" \/>\n<meta property=\"og:description\" content=\"Sur la boutique en ligne Un jour une couleur, vous avez le choix entre plusieurs solutions de paiement s\u00e9curis\u00e9es : Carte bancaire ou Compte Paypal Vous pouvez utiliser votre Carte bancaire ou un compte PayPal (si vous en poss\u00e9dez un)&hellip;\" \/>\n<meta property=\"og:url\" content=\"https:\/\/unjourunecouleur.fr\/boutique\/moyens-de-paiement\/\" \/>\n<meta property=\"og:site_name\" content=\"La boutique Un jour une couleur\" \/>\n<meta property=\"og:image\" content=\"https:\/\/unjourunecouleur.fr\/boutique\/wp-content\/uploads\/sites\/7\/2016\/09\/Logo_paiements-300x66.png\" \/>\n<meta name=\"twitter:card\" content=\"summary_large_image\" \/>\n<meta name=\"twitter:label1\" content=\"Dur\u00e9e de lecture estim\u00e9e\" \/>\n\t<meta name=\"twitter:data1\" content=\"1 minute\" \/>\n<script type=\"application\/ld+json\" class=\"yoast-schema-graph\">{\"@context\":\"https:\/\/schema.org\",\"@graph\":[{\"@type\":\"WebPage\",\"@id\":\"https:\/\/unjourunecouleur.fr\/boutique\/moyens-de-paiement\/\",\"url\":\"https:\/\/unjourunecouleur.fr\/boutique\/moyens-de-paiement\/\",\"name\":\"Moyens de paiement - La boutique Un jour une couleur\",\"isPartOf\":{\"@id\":\"https:\/\/unjourunecouleur.fr\/boutique\/#website\"},\"primaryImageOfPage\":{\"@id\":\"https:\/\/unjourunecouleur.fr\/boutique\/moyens-de-paiement\/#primaryimage\"},\"image\":{\"@id\":\"https:\/\/unjourunecouleur.fr\/boutique\/moyens-de-paiement\/#primaryimage\"},\"thumbnailUrl\":\"https:\/\/unjourunecouleur.fr\/boutique\/wp-content\/uploads\/sites\/7\/2016\/09\/Logo_paiements-300x66.png\",\"datePublished\":\"2016-09-19T14:23:00+00:00\",\"breadcrumb\":{\"@id\":\"https:\/\/unjourunecouleur.fr\/boutique\/moyens-de-paiement\/#breadcrumb\"},\"inLanguage\":\"fr-FR\",\"potentialAction\":[{\"@type\":\"ReadAction\",\"target\":[\"https:\/\/unjourunecouleur.fr\/boutique\/moyens-de-paiement\/\"]}]},{\"@type\":\"ImageObject\",\"inLanguage\":\"fr-FR\",\"@id\":\"https:\/\/unjourunecouleur.fr\/boutique\/moyens-de-paiement\/#primaryimage\",\"url\":\"https:\/\/unjourunecouleur.fr\/boutique\/wp-content\/uploads\/sites\/7\/2016\/09\/Logo_paiements.png\",\"contentUrl\":\"https:\/\/unjourunecouleur.fr\/boutique\/wp-content\/uploads\/sites\/7\/2016\/09\/Logo_paiements.png\",\"width\":463,\"height\":102,\"caption\":\"logo-paiements\"},{\"@type\":\"BreadcrumbList\",\"@id\":\"https:\/\/unjourunecouleur.fr\/boutique\/moyens-de-paiement\/#breadcrumb\",\"itemListElement\":[{\"@type\":\"ListItem\",\"position\":1,\"name\":\"Accueil\",\"item\":\"https:\/\/unjourunecouleur.fr\/boutique\/\"},{\"@type\":\"ListItem\",\"position\":2,\"name\":\"Moyens de paiement\"}]},{\"@type\":\"WebSite\",\"@id\":\"https:\/\/unjourunecouleur.fr\/boutique\/#website\",\"url\":\"https:\/\/unjourunecouleur.fr\/boutique\/\",\"name\":\"La boutique Un jour une couleur\",\"description\":\"du bois et des couleurs... artisanat d\u00e9coration et bijoux\",\"publisher\":{\"@id\":\"https:\/\/unjourunecouleur.fr\/boutique\/#organization\"},\"potentialAction\":[{\"@type\":\"SearchAction\",\"target\":{\"@type\":\"EntryPoint\",\"urlTemplate\":\"https:\/\/unjourunecouleur.fr\/boutique\/?s={search_term_string}\"},\"query-input\":{\"@type\":\"PropertyValueSpecification\",\"valueRequired\":true,\"valueName\":\"search_term_string\"}}],\"inLanguage\":\"fr-FR\"},{\"@type\":\"Organization\",\"@id\":\"https:\/\/unjourunecouleur.fr\/boutique\/#organization\",\"name\":\"Un jour une couleur\",\"url\":\"https:\/\/unjourunecouleur.fr\/boutique\/\",\"logo\":{\"@type\":\"ImageObject\",\"inLanguage\":\"fr-FR\",\"@id\":\"https:\/\/unjourunecouleur.fr\/boutique\/#\/schema\/logo\/image\/\",\"url\":\"https:\/\/unjourunecouleur.fr\/boutique\/wp-content\/uploads\/sites\/7\/2016\/08\/banniere_texte_400x100.png\",\"contentUrl\":\"https:\/\/unjourunecouleur.fr\/boutique\/wp-content\/uploads\/sites\/7\/2016\/08\/banniere_texte_400x100.png\",\"width\":400,\"height\":100,\"caption\":\"Un jour une couleur\"},\"image\":{\"@id\":\"https:\/\/unjourunecouleur.fr\/boutique\/#\/schema\/logo\/image\/\"}}]}<\/script>\n<!-- \/ Yoast SEO plugin. -->","yoast_head_json":{"title":"Moyens de paiement - La boutique Un jour une couleur","robots":{"index":"index","follow":"follow","max-snippet":"max-snippet:-1","max-image-preview":"max-image-preview:large","max-video-preview":"max-video-preview:-1"},"canonical":"https:\/\/unjourunecouleur.fr\/boutique\/moyens-de-paiement\/","og_locale":"fr_FR","og_type":"article","og_title":"Moyens de paiement - La boutique Un jour une couleur","og_description":"Sur la boutique en ligne Un jour une couleur, vous avez le choix entre plusieurs solutions de paiement s\u00e9curis\u00e9es : Carte bancaire ou Compte Paypal Vous pouvez utiliser votre Carte bancaire ou un compte PayPal (si vous en poss\u00e9dez un)&hellip;","og_url":"https:\/\/unjourunecouleur.fr\/boutique\/moyens-de-paiement\/","og_site_name":"La boutique Un jour une couleur","og_image":[{"url":"https:\/\/unjourunecouleur.fr\/boutique\/wp-content\/uploads\/sites\/7\/2016\/09\/Logo_paiements-300x66.png","type":"","width":"","height":""}],"twitter_card":"summary_large_image","twitter_misc":{"Dur\u00e9e de lecture estim\u00e9e":"1 minute"},"schema":{"@context":"https:\/\/schema.org","@graph":[{"@type":"WebPage","@id":"https:\/\/unjourunecouleur.fr\/boutique\/moyens-de-paiement\/","url":"https:\/\/unjourunecouleur.fr\/boutique\/moyens-de-paiement\/","name":"Moyens de paiement - La boutique Un jour une couleur","isPartOf":{"@id":"https:\/\/unjourunecouleur.fr\/boutique\/#website"},"primaryImageOfPage":{"@id":"https:\/\/unjourunecouleur.fr\/boutique\/moyens-de-paiement\/#primaryimage"},"image":{"@id":"https:\/\/unjourunecouleur.fr\/boutique\/moyens-de-paiement\/#primaryimage"},"thumbnailUrl":"https:\/\/unjourunecouleur.fr\/boutique\/wp-content\/uploads\/sites\/7\/2016\/09\/Logo_paiements-300x66.png","datePublished":"2016-09-19T14:23:00+00:00","breadcrumb":{"@id":"https:\/\/unjourunecouleur.fr\/boutique\/moyens-de-paiement\/#breadcrumb"},"inLanguage":"fr-FR","potentialAction":[{"@type":"ReadAction","target":["https:\/\/unjourunecouleur.fr\/boutique\/moyens-de-paiement\/"]}]},{"@type":"ImageObject","inLanguage":"fr-FR","@id":"https:\/\/unjourunecouleur.fr\/boutique\/moyens-de-paiement\/#primaryimage","url":"https:\/\/unjourunecouleur.fr\/boutique\/wp-content\/uploads\/sites\/7\/2016\/09\/Logo_paiements.png","contentUrl":"https:\/\/unjourunecouleur.fr\/boutique\/wp-content\/uploads\/sites\/7\/2016\/09\/Logo_paiements.png","width":463,"height":102,"caption":"logo-paiements"},{"@type":"BreadcrumbList","@id":"https:\/\/unjourunecouleur.fr\/boutique\/moyens-de-paiement\/#breadcrumb","itemListElement":[{"@type":"ListItem","position":1,"name":"Accueil","item":"https:\/\/unjourunecouleur.fr\/boutique\/"},{"@type":"ListItem","position":2,"name":"Moyens de paiement"}]},{"@type":"WebSite","@id":"https:\/\/unjourunecouleur.fr\/boutique\/#website","url":"https:\/\/unjourunecouleur.fr\/boutique\/","name":"La boutique Un jour une couleur","description":"du bois et des couleurs... artisanat d\u00e9coration et bijoux","publisher":{"@id":"https:\/\/unjourunecouleur.fr\/boutique\/#organization"},"potentialAction":[{"@type":"SearchAction","target":{"@type":"EntryPoint","urlTemplate":"https:\/\/unjourunecouleur.fr\/boutique\/?s={search_term_string}"},"query-input":{"@type":"PropertyValueSpecification","valueRequired":true,"valueName":"search_term_string"}}],"inLanguage":"fr-FR"},{"@type":"Organization","@id":"https:\/\/unjourunecouleur.fr\/boutique\/#organization","name":"Un jour une couleur","url":"https:\/\/unjourunecouleur.fr\/boutique\/","logo":{"@type":"ImageObject","inLanguage":"fr-FR","@id":"https:\/\/unjourunecouleur.fr\/boutique\/#\/schema\/logo\/image\/","url":"https:\/\/unjourunecouleur.fr\/boutique\/wp-content\/uploads\/sites\/7\/2016\/08\/banniere_texte_400x100.png","contentUrl":"https:\/\/unjourunecouleur.fr\/boutique\/wp-content\/uploads\/sites\/7\/2016\/08\/banniere_texte_400x100.png","width":400,"height":100,"caption":"Un jour une couleur"},"image":{"@id":"https:\/\/unjourunecouleur.fr\/boutique\/#\/schema\/logo\/image\/"}}]}},"_links":{"self":[{"href":"https:\/\/unjourunecouleur.fr\/boutique\/wp-json\/wp\/v2\/pages\/480","targetHints":{"allow":["GET"]}}],"collection":[{"href":"https:\/\/unjourunecouleur.fr\/boutique\/wp-json\/wp\/v2\/pages"}],"about":[{"href":"https:\/\/unjourunecouleur.fr\/boutique\/wp-json\/wp\/v2\/types\/page"}],"author":[{"embeddable":true,"href":"https:\/\/unjourunecouleur.fr\/boutique\/wp-json\/wp\/v2\/users\/1"}],"replies":[{"embeddable":true,"href":"https:\/\/unjourunecouleur.fr\/boutique\/wp-json\/wp\/v2\/comments?post=480"}],"version-history":[{"count":2,"href":"https:\/\/unjourunecouleur.fr\/boutique\/wp-json\/wp\/v2\/pages\/480\/revisions"}],"predecessor-version":[{"id":482,"href":"https:\/\/unjourunecouleur.fr\/boutique\/wp-json\/wp\/v2\/pages\/480\/revisions\/482"}],"wp:attachment":[{"href":"https:\/\/unjourunecouleur.fr\/boutique\/wp-json\/wp\/v2\/media?parent=480"}],"curies":[{"name":"wp","href":"https:\/\/api.w.org\/{rel}","templated":true}]}}